{"id":70,"date":"2024-12-15T11:22:01","date_gmt":"2024-12-15T10:22:01","guid":{"rendered":"https:\/\/cosyconceptstore.fr\/?post_type=product&#038;p=70"},"modified":"2025-02-14T10:39:26","modified_gmt":"2025-02-14T09:39:26","slug":"robe-rouge","status":"publish","type":"product","link":"https:\/\/cosyconceptstore.fr\/?product=robe-rouge","title":{"rendered":"ROBE RED"},"content":{"rendered":"","protected":false},"excerpt":{"rendered":"<div>Cette adorable robe b\u00e9b\u00e9 est confectionn\u00e9e dans un tissu doux et l\u00e9ger de couleur rouge vive, parfaite pour les occasions sp\u00e9ciales. Elle pr\u00e9sente des volants d\u00e9licats au niveau des manches et du buste, ajoutant une touche de charme et de fluidit\u00e9 \u00e0 l&#8217;ensemble.<\/div>\n<div><\/div>\n<div>La coupe \u00e9vas\u00e9e assure confort et libert\u00e9 de mouvement pour b\u00e9b\u00e9. Une fermeture \u00e9clair est situ\u00e9e au dos. Cette robe allie \u00e9l\u00e9gance et praticit\u00e9 offrant \u00e0 la fois confort et style pour les petites princesses. Elle est accompagn\u00e9e d&#8217;un bandeau assorti, orn\u00e9 d&#8217;un joli noeud.<\/div>\n","protected":false},"featured_media":74,"comment_status":"open","ping_status":"closed","template":"","meta":{"_kad_post_transparent":"default","_kad_post_title":"","_kad_post_layout":"default","_kad_post_sidebar_id":"","_kad_post_content_style":"default","_kad_post_vertical_padding":"default","_kad_post_feature":"","_kad_post_feature_position":"","_kad_post_header":false,"_kad_post_footer":false},"product_brand":[],"product_cat":[20],"product_tag":[],"class_list":{"0":"post-70","1":"product","2":"type-product","3":"status-publish","4":"has-post-thumbnail","6":"product_cat-bebes-filles","8":"first","9":"instock","10":"shipping-taxable","11":"purchasable","12":"product-type-variable","13":"entry","14":"content-bg","15":"loop-entry"},"yoast_head":"<!-- This site is optimized with the Yoast SEO plugin v27.1.1 - https:\/\/yoast.com\/product\/yoast-seo-wordpress\/ -->\n<title>ROBE RED - Cosy Concept Store<\/title>\n<meta name=\"robots\" content=\"index, follow, max-snippet:-1, max-image-preview:large, max-video-preview:-1\" \/>\n<link rel=\"canonical\" href=\"https:\/\/cosyconceptstore.fr\/?product=robe-rouge\" \/>\n<meta property=\"og:locale\" content=\"en_US\" \/>\n<meta property=\"og:type\" content=\"article\" \/>\n<meta property=\"og:title\" content=\"ROBE RED - Cosy Concept Store\" \/>\n<meta property=\"og:description\" content=\"Cette adorable robe b\u00e9b\u00e9 est confectionn\u00e9e dans un tissu doux et l\u00e9ger de couleur rouge vive, parfaite pour les occasions sp\u00e9ciales. Elle pr\u00e9sente des volants d\u00e9licats au niveau des manches et du buste, ajoutant une touche de charme et de fluidit\u00e9 \u00e0 l&#039;ensemble.  La coupe \u00e9vas\u00e9e assure confort et libert\u00e9 de mouvement pour b\u00e9b\u00e9. Une fermeture \u00e9clair est situ\u00e9e au dos. Cette robe allie \u00e9l\u00e9gance et praticit\u00e9 offrant \u00e0 la fois confort et style pour les petites princesses. Elle est accompagn\u00e9e d&#039;un bandeau assorti, orn\u00e9 d&#039;un joli noeud.\" \/>\n<meta property=\"og:url\" content=\"https:\/\/cosyconceptstore.fr\/?product=robe-rouge\" \/>\n<meta property=\"og:site_name\" content=\"Cosy Concept Store\" \/>\n<meta property=\"article:modified_time\" content=\"2025-02-14T09:39:26+00:00\" \/>\n<meta property=\"og:image\" content=\"https:\/\/cosyconceptstore.fr\/wp-content\/uploads\/2024\/12\/Robe-rouge-face.jpeg\" \/>\n\t<meta property=\"og:image:width\" content=\"1266\" \/>\n\t<meta property=\"og:image:height\" content=\"1600\" \/>\n\t<meta property=\"og:image:type\" content=\"image\/jpeg\" \/>\n<meta name=\"twitter:card\" content=\"summary_large_image\" \/>\n<meta name=\"twitter:label1\" content=\"Est. reading time\" \/>\n\t<meta name=\"twitter:data1\" content=\"1 minute\" \/>\n<script type=\"application\/ld+json\" class=\"yoast-schema-graph\">{\"@context\":\"https:\/\/schema.org\",\"@graph\":[{\"@type\":\"WebPage\",\"@id\":\"https:\/\/cosyconceptstore.fr\/?product=robe-rouge\",\"url\":\"https:\/\/cosyconceptstore.fr\/?product=robe-rouge\",\"name\":\"ROBE RED - Cosy Concept Store\",\"isPartOf\":{\"@id\":\"https:\/\/cosyconceptstore.fr\/#website\"},\"primaryImageOfPage\":{\"@id\":\"https:\/\/cosyconceptstore.fr\/?product=robe-rouge#primaryimage\"},\"image\":{\"@id\":\"https:\/\/cosyconceptstore.fr\/?product=robe-rouge#primaryimage\"},\"thumbnailUrl\":\"https:\/\/cosyconceptstore.fr\/wp-content\/uploads\/2024\/12\/Robe-rouge-face.jpeg\",\"datePublished\":\"2024-12-15T10:22:01+00:00\",\"dateModified\":\"2025-02-14T09:39:26+00:00\",\"breadcrumb\":{\"@id\":\"https:\/\/cosyconceptstore.fr\/?product=robe-rouge#breadcrumb\"},\"inLanguage\":\"en-US\",\"potentialAction\":[{\"@type\":\"ReadAction\",\"target\":[\"https:\/\/cosyconceptstore.fr\/?product=robe-rouge\"]}]},{\"@type\":\"ImageObject\",\"inLanguage\":\"en-US\",\"@id\":\"https:\/\/cosyconceptstore.fr\/?product=robe-rouge#primaryimage\",\"url\":\"https:\/\/cosyconceptstore.fr\/wp-content\/uploads\/2024\/12\/Robe-rouge-face.jpeg\",\"contentUrl\":\"https:\/\/cosyconceptstore.fr\/wp-content\/uploads\/2024\/12\/Robe-rouge-face.jpeg\",\"width\":1266,\"height\":1600},{\"@type\":\"BreadcrumbList\",\"@id\":\"https:\/\/cosyconceptstore.fr\/?product=robe-rouge#breadcrumb\",\"itemListElement\":[{\"@type\":\"ListItem\",\"position\":1,\"name\":\"Accueil\",\"item\":\"https:\/\/cosyconceptstore.fr\/\"},{\"@type\":\"ListItem\",\"position\":2,\"name\":\"Boutique\",\"item\":\"https:\/\/cosyconceptstore.fr\/?page_id=6\"},{\"@type\":\"ListItem\",\"position\":3,\"name\":\"ROBE RED\"}]},{\"@type\":\"WebSite\",\"@id\":\"https:\/\/cosyconceptstore.fr\/#website\",\"url\":\"https:\/\/cosyconceptstore.fr\/\",\"name\":\"Cosy Concept Store\",\"description\":\"Boutique de v\u00eatements pour enfants\",\"publisher\":{\"@id\":\"https:\/\/cosyconceptstore.fr\/#organization\"},\"potentialAction\":[{\"@type\":\"SearchAction\",\"target\":{\"@type\":\"EntryPoint\",\"urlTemplate\":\"https:\/\/cosyconceptstore.fr\/?s={search_term_string}\"},\"query-input\":{\"@type\":\"PropertyValueSpecification\",\"valueRequired\":true,\"valueName\":\"search_term_string\"}}],\"inLanguage\":\"en-US\"},{\"@type\":\"Organization\",\"@id\":\"https:\/\/cosyconceptstore.fr\/#organization\",\"name\":\"Cosy Concept Store\",\"url\":\"https:\/\/cosyconceptstore.fr\/\",\"logo\":{\"@type\":\"ImageObject\",\"inLanguage\":\"en-US\",\"@id\":\"https:\/\/cosyconceptstore.fr\/#\/schema\/logo\/image\/\",\"url\":\"https:\/\/cosyconceptstore.fr\/wp-content\/uploads\/2024\/12\/cropped-Logo-COSY-couleurs-.png\",\"contentUrl\":\"https:\/\/cosyconceptstore.fr\/wp-content\/uploads\/2024\/12\/cropped-Logo-COSY-couleurs-.png\",\"width\":1504,\"height\":599,\"caption\":\"Cosy Concept Store \"},\"image\":{\"@id\":\"https:\/\/cosyconceptstore.fr\/#\/schema\/logo\/image\/\"}}]}<\/script>\n<!-- \/ Yoast SEO plugin. -->","yoast_head_json":{"title":"ROBE RED - Cosy Concept Store","robots":{"index":"index","follow":"follow","max-snippet":"max-snippet:-1","max-image-preview":"max-image-preview:large","max-video-preview":"max-video-preview:-1"},"canonical":"https:\/\/cosyconceptstore.fr\/?product=robe-rouge","og_locale":"en_US","og_type":"article","og_title":"ROBE RED - Cosy Concept Store","og_description":"Cette adorable robe b\u00e9b\u00e9 est confectionn\u00e9e dans un tissu doux et l\u00e9ger de couleur rouge vive, parfaite pour les occasions sp\u00e9ciales. Elle pr\u00e9sente des volants d\u00e9licats au niveau des manches et du buste, ajoutant une touche de charme et de fluidit\u00e9 \u00e0 l'ensemble.  La coupe \u00e9vas\u00e9e assure confort et libert\u00e9 de mouvement pour b\u00e9b\u00e9. Une fermeture \u00e9clair est situ\u00e9e au dos. Cette robe allie \u00e9l\u00e9gance et praticit\u00e9 offrant \u00e0 la fois confort et style pour les petites princesses. Elle est accompagn\u00e9e d'un bandeau assorti, orn\u00e9 d'un joli noeud.","og_url":"https:\/\/cosyconceptstore.fr\/?product=robe-rouge","og_site_name":"Cosy Concept Store","article_modified_time":"2025-02-14T09:39:26+00:00","og_image":[{"width":1266,"height":1600,"url":"https:\/\/cosyconceptstore.fr\/wp-content\/uploads\/2024\/12\/Robe-rouge-face.jpeg","type":"image\/jpeg"}],"twitter_card":"summary_large_image","twitter_misc":{"Est. reading time":"1 minute"},"schema":{"@context":"https:\/\/schema.org","@graph":[{"@type":"WebPage","@id":"https:\/\/cosyconceptstore.fr\/?product=robe-rouge","url":"https:\/\/cosyconceptstore.fr\/?product=robe-rouge","name":"ROBE RED - Cosy Concept Store","isPartOf":{"@id":"https:\/\/cosyconceptstore.fr\/#website"},"primaryImageOfPage":{"@id":"https:\/\/cosyconceptstore.fr\/?product=robe-rouge#primaryimage"},"image":{"@id":"https:\/\/cosyconceptstore.fr\/?product=robe-rouge#primaryimage"},"thumbnailUrl":"https:\/\/cosyconceptstore.fr\/wp-content\/uploads\/2024\/12\/Robe-rouge-face.jpeg","datePublished":"2024-12-15T10:22:01+00:00","dateModified":"2025-02-14T09:39:26+00:00","breadcrumb":{"@id":"https:\/\/cosyconceptstore.fr\/?product=robe-rouge#breadcrumb"},"inLanguage":"en-US","potentialAction":[{"@type":"ReadAction","target":["https:\/\/cosyconceptstore.fr\/?product=robe-rouge"]}]},{"@type":"ImageObject","inLanguage":"en-US","@id":"https:\/\/cosyconceptstore.fr\/?product=robe-rouge#primaryimage","url":"https:\/\/cosyconceptstore.fr\/wp-content\/uploads\/2024\/12\/Robe-rouge-face.jpeg","contentUrl":"https:\/\/cosyconceptstore.fr\/wp-content\/uploads\/2024\/12\/Robe-rouge-face.jpeg","width":1266,"height":1600},{"@type":"BreadcrumbList","@id":"https:\/\/cosyconceptstore.fr\/?product=robe-rouge#breadcrumb","itemListElement":[{"@type":"ListItem","position":1,"name":"Accueil","item":"https:\/\/cosyconceptstore.fr\/"},{"@type":"ListItem","position":2,"name":"Boutique","item":"https:\/\/cosyconceptstore.fr\/?page_id=6"},{"@type":"ListItem","position":3,"name":"ROBE RED"}]},{"@type":"WebSite","@id":"https:\/\/cosyconceptstore.fr\/#website","url":"https:\/\/cosyconceptstore.fr\/","name":"Cosy Concept Store","description":"Boutique de v\u00eatements pour enfants","publisher":{"@id":"https:\/\/cosyconceptstore.fr\/#organization"},"potentialAction":[{"@type":"SearchAction","target":{"@type":"EntryPoint","urlTemplate":"https:\/\/cosyconceptstore.fr\/?s={search_term_string}"},"query-input":{"@type":"PropertyValueSpecification","valueRequired":true,"valueName":"search_term_string"}}],"inLanguage":"en-US"},{"@type":"Organization","@id":"https:\/\/cosyconceptstore.fr\/#organization","name":"Cosy Concept Store","url":"https:\/\/cosyconceptstore.fr\/","logo":{"@type":"ImageObject","inLanguage":"en-US","@id":"https:\/\/cosyconceptstore.fr\/#\/schema\/logo\/image\/","url":"https:\/\/cosyconceptstore.fr\/wp-content\/uploads\/2024\/12\/cropped-Logo-COSY-couleurs-.png","contentUrl":"https:\/\/cosyconceptstore.fr\/wp-content\/uploads\/2024\/12\/cropped-Logo-COSY-couleurs-.png","width":1504,"height":599,"caption":"Cosy Concept Store "},"image":{"@id":"https:\/\/cosyconceptstore.fr\/#\/schema\/logo\/image\/"}}]}},"_links":{"self":[{"href":"https:\/\/cosyconceptstore.fr\/index.php?rest_route=\/wp\/v2\/product\/70","targetHints":{"allow":["GET"]}}],"collection":[{"href":"https:\/\/cosyconceptstore.fr\/index.php?rest_route=\/wp\/v2\/product"}],"about":[{"href":"https:\/\/cosyconceptstore.fr\/index.php?rest_route=\/wp\/v2\/types\/product"}],"replies":[{"embeddable":true,"href":"https:\/\/cosyconceptstore.fr\/index.php?rest_route=%2Fwp%2Fv2%2Fcomments&post=70"}],"wp:featuredmedia":[{"embeddable":true,"href":"https:\/\/cosyconceptstore.fr\/index.php?rest_route=\/wp\/v2\/media\/74"}],"wp:attachment":[{"href":"https:\/\/cosyconceptstore.fr\/index.php?rest_route=%2Fwp%2Fv2%2Fmedia&parent=70"}],"wp:term":[{"taxonomy":"product_brand","embeddable":true,"href":"https:\/\/cosyconceptstore.fr\/index.php?rest_route=%2Fwp%2Fv2%2Fproduct_brand&post=70"},{"taxonomy":"product_cat","embeddable":true,"href":"https:\/\/cosyconceptstore.fr\/index.php?rest_route=%2Fwp%2Fv2%2Fproduct_cat&post=70"},{"taxonomy":"product_tag","embeddable":true,"href":"https:\/\/cosyconceptstore.fr\/index.php?rest_route=%2Fwp%2Fv2%2Fproduct_tag&post=70"}],"curies":[{"name":"wp","href":"https:\/\/api.w.org\/{rel}","templated":true}]}}