{"id":637,"date":"2025-01-10T18:17:27","date_gmt":"2025-01-10T17:17:27","guid":{"rendered":"https:\/\/cosyconceptstore.fr\/?post_type=product&#038;p=637"},"modified":"2025-02-13T14:58:05","modified_gmt":"2025-02-13T13:58:05","slug":"protege-carnet-de-sante","status":"publish","type":"product","link":"https:\/\/cosyconceptstore.fr\/?product=protege-carnet-de-sante","title":{"rendered":"Prot\u00e8ge carnet"},"content":{"rendered":"<ul>\n<li><span style=\"color: #000000; font-family: arial, sans-serif;\">Mati\u00e8re: minky<\/span><\/li>\n<li><span style=\"color: #000000; font-family: arial, sans-serif;\">Couleur: diff\u00e9rents\u00a0coloris<\/span><\/li>\n<\/ul>\n","protected":false},"excerpt":{"rendered":"<p><span style=\"color: #000000; font-family: arial, sans-serif;\">Un prot\u00e8ge carnet de sant\u00e9 minky pour rendre joli les carnets!<\/span><\/p>\n","protected":false},"featured_media":640,"comment_status":"open","ping_status":"closed","template":"","meta":{"_kad_post_transparent":"default","_kad_post_title":"","_kad_post_layout":"default","_kad_post_sidebar_id":"","_kad_post_content_style":"default","_kad_post_vertical_padding":"default","_kad_post_feature":"","_kad_post_feature_position":"","_kad_post_header":false,"_kad_post_footer":false},"product_brand":[],"product_cat":[27],"product_tag":[],"class_list":{"0":"post-637","1":"product","2":"type-product","3":"status-publish","4":"has-post-thumbnail","6":"product_cat-linge-bebes","8":"first","9":"instock","10":"shipping-taxable","11":"purchasable","12":"product-type-variable","13":"entry","14":"content-bg","15":"loop-entry"},"yoast_head":"<!-- This site is optimized with the Yoast SEO plugin v27.1.1 - https:\/\/yoast.com\/product\/yoast-seo-wordpress\/ -->\n<title>Prot\u00e8ge carnet - Cosy Concept Store<\/title>\n<meta name=\"robots\" content=\"index, follow, max-snippet:-1, max-image-preview:large, max-video-preview:-1\" \/>\n<link rel=\"canonical\" href=\"https:\/\/cosyconceptstore.fr\/?product=protege-carnet-de-sante\" \/>\n<meta property=\"og:locale\" content=\"en_US\" \/>\n<meta property=\"og:type\" content=\"article\" \/>\n<meta property=\"og:title\" content=\"Prot\u00e8ge carnet - Cosy Concept Store\" \/>\n<meta property=\"og:description\" content=\"Un prot\u00e8ge carnet de sant\u00e9 minky pour rendre joli les carnets!\" \/>\n<meta property=\"og:url\" content=\"https:\/\/cosyconceptstore.fr\/?product=protege-carnet-de-sante\" \/>\n<meta property=\"og:site_name\" content=\"Cosy Concept Store\" \/>\n<meta property=\"article:modified_time\" content=\"2025-02-13T13:58:05+00:00\" \/>\n<meta property=\"og:image\" content=\"https:\/\/cosyconceptstore.fr\/wp-content\/uploads\/2025\/01\/protege-bleu.jpg\" \/>\n\t<meta property=\"og:image:width\" content=\"1600\" \/>\n\t<meta property=\"og:image:height\" content=\"1426\" \/>\n\t<meta property=\"og:image:type\" content=\"image\/jpeg\" \/>\n<meta name=\"twitter:card\" content=\"summary_large_image\" \/>\n<meta name=\"twitter:label1\" content=\"Est. reading time\" \/>\n\t<meta name=\"twitter:data1\" content=\"1 minute\" \/>\n<script type=\"application\/ld+json\" class=\"yoast-schema-graph\">{\"@context\":\"https:\/\/schema.org\",\"@graph\":[{\"@type\":\"WebPage\",\"@id\":\"https:\/\/cosyconceptstore.fr\/?product=protege-carnet-de-sante\",\"url\":\"https:\/\/cosyconceptstore.fr\/?product=protege-carnet-de-sante\",\"name\":\"Prot\u00e8ge carnet - Cosy Concept Store\",\"isPartOf\":{\"@id\":\"https:\/\/cosyconceptstore.fr\/#website\"},\"primaryImageOfPage\":{\"@id\":\"https:\/\/cosyconceptstore.fr\/?product=protege-carnet-de-sante#primaryimage\"},\"image\":{\"@id\":\"https:\/\/cosyconceptstore.fr\/?product=protege-carnet-de-sante#primaryimage\"},\"thumbnailUrl\":\"https:\/\/cosyconceptstore.fr\/wp-content\/uploads\/2025\/01\/protege-bleu.jpg\",\"datePublished\":\"2025-01-10T17:17:27+00:00\",\"dateModified\":\"2025-02-13T13:58:05+00:00\",\"breadcrumb\":{\"@id\":\"https:\/\/cosyconceptstore.fr\/?product=protege-carnet-de-sante#breadcrumb\"},\"inLanguage\":\"en-US\",\"potentialAction\":[{\"@type\":\"ReadAction\",\"target\":[\"https:\/\/cosyconceptstore.fr\/?product=protege-carnet-de-sante\"]}]},{\"@type\":\"ImageObject\",\"inLanguage\":\"en-US\",\"@id\":\"https:\/\/cosyconceptstore.fr\/?product=protege-carnet-de-sante#primaryimage\",\"url\":\"https:\/\/cosyconceptstore.fr\/wp-content\/uploads\/2025\/01\/protege-bleu.jpg\",\"contentUrl\":\"https:\/\/cosyconceptstore.fr\/wp-content\/uploads\/2025\/01\/protege-bleu.jpg\",\"width\":1600,\"height\":1426},{\"@type\":\"BreadcrumbList\",\"@id\":\"https:\/\/cosyconceptstore.fr\/?product=protege-carnet-de-sante#breadcrumb\",\"itemListElement\":[{\"@type\":\"ListItem\",\"position\":1,\"name\":\"Accueil\",\"item\":\"https:\/\/cosyconceptstore.fr\/\"},{\"@type\":\"ListItem\",\"position\":2,\"name\":\"Boutique\",\"item\":\"https:\/\/cosyconceptstore.fr\/?page_id=6\"},{\"@type\":\"ListItem\",\"position\":3,\"name\":\"Prot\u00e8ge carnet\"}]},{\"@type\":\"WebSite\",\"@id\":\"https:\/\/cosyconceptstore.fr\/#website\",\"url\":\"https:\/\/cosyconceptstore.fr\/\",\"name\":\"Cosy Concept Store\",\"description\":\"Boutique de v\u00eatements pour enfants\",\"publisher\":{\"@id\":\"https:\/\/cosyconceptstore.fr\/#organization\"},\"potentialAction\":[{\"@type\":\"SearchAction\",\"target\":{\"@type\":\"EntryPoint\",\"urlTemplate\":\"https:\/\/cosyconceptstore.fr\/?s={search_term_string}\"},\"query-input\":{\"@type\":\"PropertyValueSpecification\",\"valueRequired\":true,\"valueName\":\"search_term_string\"}}],\"inLanguage\":\"en-US\"},{\"@type\":\"Organization\",\"@id\":\"https:\/\/cosyconceptstore.fr\/#organization\",\"name\":\"Cosy Concept Store\",\"url\":\"https:\/\/cosyconceptstore.fr\/\",\"logo\":{\"@type\":\"ImageObject\",\"inLanguage\":\"en-US\",\"@id\":\"https:\/\/cosyconceptstore.fr\/#\/schema\/logo\/image\/\",\"url\":\"https:\/\/cosyconceptstore.fr\/wp-content\/uploads\/2024\/12\/cropped-Logo-COSY-couleurs-.png\",\"contentUrl\":\"https:\/\/cosyconceptstore.fr\/wp-content\/uploads\/2024\/12\/cropped-Logo-COSY-couleurs-.png\",\"width\":1504,\"height\":599,\"caption\":\"Cosy Concept Store \"},\"image\":{\"@id\":\"https:\/\/cosyconceptstore.fr\/#\/schema\/logo\/image\/\"}}]}<\/script>\n<!-- \/ Yoast SEO plugin. -->","yoast_head_json":{"title":"Prot\u00e8ge carnet - Cosy Concept Store","robots":{"index":"index","follow":"follow","max-snippet":"max-snippet:-1","max-image-preview":"max-image-preview:large","max-video-preview":"max-video-preview:-1"},"canonical":"https:\/\/cosyconceptstore.fr\/?product=protege-carnet-de-sante","og_locale":"en_US","og_type":"article","og_title":"Prot\u00e8ge carnet - Cosy Concept Store","og_description":"Un prot\u00e8ge carnet de sant\u00e9 minky pour rendre joli les carnets!","og_url":"https:\/\/cosyconceptstore.fr\/?product=protege-carnet-de-sante","og_site_name":"Cosy Concept Store","article_modified_time":"2025-02-13T13:58:05+00:00","og_image":[{"width":1600,"height":1426,"url":"https:\/\/cosyconceptstore.fr\/wp-content\/uploads\/2025\/01\/protege-bleu.jpg","type":"image\/jpeg"}],"twitter_card":"summary_large_image","twitter_misc":{"Est. reading time":"1 minute"},"schema":{"@context":"https:\/\/schema.org","@graph":[{"@type":"WebPage","@id":"https:\/\/cosyconceptstore.fr\/?product=protege-carnet-de-sante","url":"https:\/\/cosyconceptstore.fr\/?product=protege-carnet-de-sante","name":"Prot\u00e8ge carnet - Cosy Concept Store","isPartOf":{"@id":"https:\/\/cosyconceptstore.fr\/#website"},"primaryImageOfPage":{"@id":"https:\/\/cosyconceptstore.fr\/?product=protege-carnet-de-sante#primaryimage"},"image":{"@id":"https:\/\/cosyconceptstore.fr\/?product=protege-carnet-de-sante#primaryimage"},"thumbnailUrl":"https:\/\/cosyconceptstore.fr\/wp-content\/uploads\/2025\/01\/protege-bleu.jpg","datePublished":"2025-01-10T17:17:27+00:00","dateModified":"2025-02-13T13:58:05+00:00","breadcrumb":{"@id":"https:\/\/cosyconceptstore.fr\/?product=protege-carnet-de-sante#breadcrumb"},"inLanguage":"en-US","potentialAction":[{"@type":"ReadAction","target":["https:\/\/cosyconceptstore.fr\/?product=protege-carnet-de-sante"]}]},{"@type":"ImageObject","inLanguage":"en-US","@id":"https:\/\/cosyconceptstore.fr\/?product=protege-carnet-de-sante#primaryimage","url":"https:\/\/cosyconceptstore.fr\/wp-content\/uploads\/2025\/01\/protege-bleu.jpg","contentUrl":"https:\/\/cosyconceptstore.fr\/wp-content\/uploads\/2025\/01\/protege-bleu.jpg","width":1600,"height":1426},{"@type":"BreadcrumbList","@id":"https:\/\/cosyconceptstore.fr\/?product=protege-carnet-de-sante#breadcrumb","itemListElement":[{"@type":"ListItem","position":1,"name":"Accueil","item":"https:\/\/cosyconceptstore.fr\/"},{"@type":"ListItem","position":2,"name":"Boutique","item":"https:\/\/cosyconceptstore.fr\/?page_id=6"},{"@type":"ListItem","position":3,"name":"Prot\u00e8ge carnet"}]},{"@type":"WebSite","@id":"https:\/\/cosyconceptstore.fr\/#website","url":"https:\/\/cosyconceptstore.fr\/","name":"Cosy Concept Store","description":"Boutique de v\u00eatements pour enfants","publisher":{"@id":"https:\/\/cosyconceptstore.fr\/#organization"},"potentialAction":[{"@type":"SearchAction","target":{"@type":"EntryPoint","urlTemplate":"https:\/\/cosyconceptstore.fr\/?s={search_term_string}"},"query-input":{"@type":"PropertyValueSpecification","valueRequired":true,"valueName":"search_term_string"}}],"inLanguage":"en-US"},{"@type":"Organization","@id":"https:\/\/cosyconceptstore.fr\/#organization","name":"Cosy Concept Store","url":"https:\/\/cosyconceptstore.fr\/","logo":{"@type":"ImageObject","inLanguage":"en-US","@id":"https:\/\/cosyconceptstore.fr\/#\/schema\/logo\/image\/","url":"https:\/\/cosyconceptstore.fr\/wp-content\/uploads\/2024\/12\/cropped-Logo-COSY-couleurs-.png","contentUrl":"https:\/\/cosyconceptstore.fr\/wp-content\/uploads\/2024\/12\/cropped-Logo-COSY-couleurs-.png","width":1504,"height":599,"caption":"Cosy Concept Store "},"image":{"@id":"https:\/\/cosyconceptstore.fr\/#\/schema\/logo\/image\/"}}]}},"_links":{"self":[{"href":"https:\/\/cosyconceptstore.fr\/index.php?rest_route=\/wp\/v2\/product\/637","targetHints":{"allow":["GET"]}}],"collection":[{"href":"https:\/\/cosyconceptstore.fr\/index.php?rest_route=\/wp\/v2\/product"}],"about":[{"href":"https:\/\/cosyconceptstore.fr\/index.php?rest_route=\/wp\/v2\/types\/product"}],"replies":[{"embeddable":true,"href":"https:\/\/cosyconceptstore.fr\/index.php?rest_route=%2Fwp%2Fv2%2Fcomments&post=637"}],"wp:featuredmedia":[{"embeddable":true,"href":"https:\/\/cosyconceptstore.fr\/index.php?rest_route=\/wp\/v2\/media\/640"}],"wp:attachment":[{"href":"https:\/\/cosyconceptstore.fr\/index.php?rest_route=%2Fwp%2Fv2%2Fmedia&parent=637"}],"wp:term":[{"taxonomy":"product_brand","embeddable":true,"href":"https:\/\/cosyconceptstore.fr\/index.php?rest_route=%2Fwp%2Fv2%2Fproduct_brand&post=637"},{"taxonomy":"product_cat","embeddable":true,"href":"https:\/\/cosyconceptstore.fr\/index.php?rest_route=%2Fwp%2Fv2%2Fproduct_cat&post=637"},{"taxonomy":"product_tag","embeddable":true,"href":"https:\/\/cosyconceptstore.fr\/index.php?rest_route=%2Fwp%2Fv2%2Fproduct_tag&post=637"}],"curies":[{"name":"wp","href":"https:\/\/api.w.org\/{rel}","templated":true}]}}