{"id":1948,"date":"2025-05-04T09:18:51","date_gmt":"2025-05-04T07:18:51","guid":{"rendered":"https:\/\/cosyconceptstore.fr\/?post_type=product&#038;p=1948"},"modified":"2025-05-04T09:18:52","modified_gmt":"2025-05-04T07:18:52","slug":"couffin-nouveau-ne","status":"publish","type":"product","link":"https:\/\/cosyconceptstore.fr\/?product=couffin-nouveau-ne","title":{"rendered":"Couffin nouveau-n\u00e9"},"content":{"rendered":"","protected":false},"excerpt":{"rendered":"<p>Offrez \u00e0 votre nouveau-n\u00e9 un cocon raffin\u00e9 avec le <strong data-start=\"226\" data-end=\"246\">Couffin \u00c9l\u00e9gance<\/strong>, alliant confort absolu et design intemporel. Confectionn\u00e9 \u00e0 la main dans des mat\u00e9riaux nobles, ce couffin d\u2019exception est le choix parfait pour les parents en qu\u00eate de qualit\u00e9, de style et de s\u00e9curit\u00e9.<\/p>\n","protected":false},"featured_media":1945,"comment_status":"open","ping_status":"closed","template":"","meta":{"_kad_post_transparent":"default","_kad_post_title":"","_kad_post_layout":"default","_kad_post_sidebar_id":"","_kad_post_content_style":"default","_kad_post_vertical_padding":"default","_kad_post_feature":"","_kad_post_feature_position":"","_kad_post_header":false,"_kad_post_footer":false},"product_brand":[],"product_cat":[27],"product_tag":[],"class_list":{"0":"post-1948","1":"product","2":"type-product","3":"status-publish","4":"has-post-thumbnail","6":"product_cat-linge-bebes","8":"first","9":"instock","10":"shipping-taxable","11":"purchasable","12":"product-type-simple","13":"entry","14":"content-bg","15":"loop-entry"},"yoast_head":"<!-- This site is optimized with the Yoast SEO plugin v27.1.1 - https:\/\/yoast.com\/product\/yoast-seo-wordpress\/ -->\n<title>Couffin nouveau-n\u00e9 - Cosy Concept Store<\/title>\n<meta name=\"description\" content=\"Vous cherchez un couffin pour votre nouveau-n\u00e9. Celui est tr\u00e8s \u00e9l\u00e9gant et confortable \u00e0 la fois est pr\u00eat \u00e0 accueillir votre petit bout de chou.\" \/>\n<meta name=\"robots\" content=\"index, follow, max-snippet:-1, max-image-preview:large, max-video-preview:-1\" \/>\n<link rel=\"canonical\" href=\"https:\/\/cosyconceptstore.fr\/?product=couffin-nouveau-ne\" \/>\n<meta property=\"og:locale\" content=\"en_US\" \/>\n<meta property=\"og:type\" content=\"article\" \/>\n<meta property=\"og:title\" content=\"Couffin nouveau-n\u00e9 - Cosy Concept Store\" \/>\n<meta property=\"og:description\" content=\"Vous cherchez un couffin pour votre nouveau-n\u00e9. Celui est tr\u00e8s \u00e9l\u00e9gant et confortable \u00e0 la fois est pr\u00eat \u00e0 accueillir votre petit bout de chou.\" \/>\n<meta property=\"og:url\" content=\"https:\/\/cosyconceptstore.fr\/?product=couffin-nouveau-ne\" \/>\n<meta property=\"og:site_name\" content=\"Cosy Concept Store\" \/>\n<meta property=\"article:modified_time\" content=\"2025-05-04T07:18:52+00:00\" \/>\n<meta property=\"og:image\" content=\"https:\/\/cosyconceptstore.fr\/wp-content\/uploads\/2025\/04\/Photoroom_20250430_105454.jpeg\" \/>\n\t<meta property=\"og:image:width\" content=\"1800\" \/>\n\t<meta property=\"og:image:height\" content=\"2400\" \/>\n\t<meta property=\"og:image:type\" content=\"image\/jpeg\" \/>\n<meta name=\"twitter:card\" content=\"summary_large_image\" \/>\n<meta name=\"twitter:label1\" content=\"Est. reading time\" \/>\n\t<meta name=\"twitter:data1\" content=\"1 minute\" \/>\n<script type=\"application\/ld+json\" class=\"yoast-schema-graph\">{\"@context\":\"https:\/\/schema.org\",\"@graph\":[{\"@type\":\"WebPage\",\"@id\":\"https:\/\/cosyconceptstore.fr\/?product=couffin-nouveau-ne\",\"url\":\"https:\/\/cosyconceptstore.fr\/?product=couffin-nouveau-ne\",\"name\":\"Couffin nouveau-n\u00e9 - Cosy Concept Store\",\"isPartOf\":{\"@id\":\"https:\/\/cosyconceptstore.fr\/#website\"},\"primaryImageOfPage\":{\"@id\":\"https:\/\/cosyconceptstore.fr\/?product=couffin-nouveau-ne#primaryimage\"},\"image\":{\"@id\":\"https:\/\/cosyconceptstore.fr\/?product=couffin-nouveau-ne#primaryimage\"},\"thumbnailUrl\":\"https:\/\/cosyconceptstore.fr\/wp-content\/uploads\/2025\/04\/Photoroom_20250430_105454.jpeg\",\"datePublished\":\"2025-05-04T07:18:51+00:00\",\"dateModified\":\"2025-05-04T07:18:52+00:00\",\"description\":\"Vous cherchez un couffin pour votre nouveau-n\u00e9. Celui est tr\u00e8s \u00e9l\u00e9gant et confortable \u00e0 la fois est pr\u00eat \u00e0 accueillir votre petit bout de chou.\",\"breadcrumb\":{\"@id\":\"https:\/\/cosyconceptstore.fr\/?product=couffin-nouveau-ne#breadcrumb\"},\"inLanguage\":\"en-US\",\"potentialAction\":[{\"@type\":\"ReadAction\",\"target\":[\"https:\/\/cosyconceptstore.fr\/?product=couffin-nouveau-ne\"]}]},{\"@type\":\"ImageObject\",\"inLanguage\":\"en-US\",\"@id\":\"https:\/\/cosyconceptstore.fr\/?product=couffin-nouveau-ne#primaryimage\",\"url\":\"https:\/\/cosyconceptstore.fr\/wp-content\/uploads\/2025\/04\/Photoroom_20250430_105454.jpeg\",\"contentUrl\":\"https:\/\/cosyconceptstore.fr\/wp-content\/uploads\/2025\/04\/Photoroom_20250430_105454.jpeg\",\"width\":1800,\"height\":2400},{\"@type\":\"BreadcrumbList\",\"@id\":\"https:\/\/cosyconceptstore.fr\/?product=couffin-nouveau-ne#breadcrumb\",\"itemListElement\":[{\"@type\":\"ListItem\",\"position\":1,\"name\":\"Accueil\",\"item\":\"https:\/\/cosyconceptstore.fr\/\"},{\"@type\":\"ListItem\",\"position\":2,\"name\":\"Boutique\",\"item\":\"https:\/\/cosyconceptstore.fr\/?page_id=6\"},{\"@type\":\"ListItem\",\"position\":3,\"name\":\"Couffin nouveau-n\u00e9\"}]},{\"@type\":\"WebSite\",\"@id\":\"https:\/\/cosyconceptstore.fr\/#website\",\"url\":\"https:\/\/cosyconceptstore.fr\/\",\"name\":\"Cosy Concept Store\",\"description\":\"Boutique de v\u00eatements pour enfants\",\"publisher\":{\"@id\":\"https:\/\/cosyconceptstore.fr\/#organization\"},\"potentialAction\":[{\"@type\":\"SearchAction\",\"target\":{\"@type\":\"EntryPoint\",\"urlTemplate\":\"https:\/\/cosyconceptstore.fr\/?s={search_term_string}\"},\"query-input\":{\"@type\":\"PropertyValueSpecification\",\"valueRequired\":true,\"valueName\":\"search_term_string\"}}],\"inLanguage\":\"en-US\"},{\"@type\":\"Organization\",\"@id\":\"https:\/\/cosyconceptstore.fr\/#organization\",\"name\":\"Cosy Concept Store\",\"url\":\"https:\/\/cosyconceptstore.fr\/\",\"logo\":{\"@type\":\"ImageObject\",\"inLanguage\":\"en-US\",\"@id\":\"https:\/\/cosyconceptstore.fr\/#\/schema\/logo\/image\/\",\"url\":\"https:\/\/cosyconceptstore.fr\/wp-content\/uploads\/2024\/12\/cropped-Logo-COSY-couleurs-.png\",\"contentUrl\":\"https:\/\/cosyconceptstore.fr\/wp-content\/uploads\/2024\/12\/cropped-Logo-COSY-couleurs-.png\",\"width\":1504,\"height\":599,\"caption\":\"Cosy Concept Store \"},\"image\":{\"@id\":\"https:\/\/cosyconceptstore.fr\/#\/schema\/logo\/image\/\"}}]}<\/script>\n<!-- \/ Yoast SEO plugin. -->","yoast_head_json":{"title":"Couffin nouveau-n\u00e9 - Cosy Concept Store","description":"Vous cherchez un couffin pour votre nouveau-n\u00e9. Celui est tr\u00e8s \u00e9l\u00e9gant et confortable \u00e0 la fois est pr\u00eat \u00e0 accueillir votre petit bout de chou.","robots":{"index":"index","follow":"follow","max-snippet":"max-snippet:-1","max-image-preview":"max-image-preview:large","max-video-preview":"max-video-preview:-1"},"canonical":"https:\/\/cosyconceptstore.fr\/?product=couffin-nouveau-ne","og_locale":"en_US","og_type":"article","og_title":"Couffin nouveau-n\u00e9 - Cosy Concept Store","og_description":"Vous cherchez un couffin pour votre nouveau-n\u00e9. Celui est tr\u00e8s \u00e9l\u00e9gant et confortable \u00e0 la fois est pr\u00eat \u00e0 accueillir votre petit bout de chou.","og_url":"https:\/\/cosyconceptstore.fr\/?product=couffin-nouveau-ne","og_site_name":"Cosy Concept Store","article_modified_time":"2025-05-04T07:18:52+00:00","og_image":[{"width":1800,"height":2400,"url":"https:\/\/cosyconceptstore.fr\/wp-content\/uploads\/2025\/04\/Photoroom_20250430_105454.jpeg","type":"image\/jpeg"}],"twitter_card":"summary_large_image","twitter_misc":{"Est. reading time":"1 minute"},"schema":{"@context":"https:\/\/schema.org","@graph":[{"@type":"WebPage","@id":"https:\/\/cosyconceptstore.fr\/?product=couffin-nouveau-ne","url":"https:\/\/cosyconceptstore.fr\/?product=couffin-nouveau-ne","name":"Couffin nouveau-n\u00e9 - Cosy Concept Store","isPartOf":{"@id":"https:\/\/cosyconceptstore.fr\/#website"},"primaryImageOfPage":{"@id":"https:\/\/cosyconceptstore.fr\/?product=couffin-nouveau-ne#primaryimage"},"image":{"@id":"https:\/\/cosyconceptstore.fr\/?product=couffin-nouveau-ne#primaryimage"},"thumbnailUrl":"https:\/\/cosyconceptstore.fr\/wp-content\/uploads\/2025\/04\/Photoroom_20250430_105454.jpeg","datePublished":"2025-05-04T07:18:51+00:00","dateModified":"2025-05-04T07:18:52+00:00","description":"Vous cherchez un couffin pour votre nouveau-n\u00e9. Celui est tr\u00e8s \u00e9l\u00e9gant et confortable \u00e0 la fois est pr\u00eat \u00e0 accueillir votre petit bout de chou.","breadcrumb":{"@id":"https:\/\/cosyconceptstore.fr\/?product=couffin-nouveau-ne#breadcrumb"},"inLanguage":"en-US","potentialAction":[{"@type":"ReadAction","target":["https:\/\/cosyconceptstore.fr\/?product=couffin-nouveau-ne"]}]},{"@type":"ImageObject","inLanguage":"en-US","@id":"https:\/\/cosyconceptstore.fr\/?product=couffin-nouveau-ne#primaryimage","url":"https:\/\/cosyconceptstore.fr\/wp-content\/uploads\/2025\/04\/Photoroom_20250430_105454.jpeg","contentUrl":"https:\/\/cosyconceptstore.fr\/wp-content\/uploads\/2025\/04\/Photoroom_20250430_105454.jpeg","width":1800,"height":2400},{"@type":"BreadcrumbList","@id":"https:\/\/cosyconceptstore.fr\/?product=couffin-nouveau-ne#breadcrumb","itemListElement":[{"@type":"ListItem","position":1,"name":"Accueil","item":"https:\/\/cosyconceptstore.fr\/"},{"@type":"ListItem","position":2,"name":"Boutique","item":"https:\/\/cosyconceptstore.fr\/?page_id=6"},{"@type":"ListItem","position":3,"name":"Couffin nouveau-n\u00e9"}]},{"@type":"WebSite","@id":"https:\/\/cosyconceptstore.fr\/#website","url":"https:\/\/cosyconceptstore.fr\/","name":"Cosy Concept Store","description":"Boutique de v\u00eatements pour enfants","publisher":{"@id":"https:\/\/cosyconceptstore.fr\/#organization"},"potentialAction":[{"@type":"SearchAction","target":{"@type":"EntryPoint","urlTemplate":"https:\/\/cosyconceptstore.fr\/?s={search_term_string}"},"query-input":{"@type":"PropertyValueSpecification","valueRequired":true,"valueName":"search_term_string"}}],"inLanguage":"en-US"},{"@type":"Organization","@id":"https:\/\/cosyconceptstore.fr\/#organization","name":"Cosy Concept Store","url":"https:\/\/cosyconceptstore.fr\/","logo":{"@type":"ImageObject","inLanguage":"en-US","@id":"https:\/\/cosyconceptstore.fr\/#\/schema\/logo\/image\/","url":"https:\/\/cosyconceptstore.fr\/wp-content\/uploads\/2024\/12\/cropped-Logo-COSY-couleurs-.png","contentUrl":"https:\/\/cosyconceptstore.fr\/wp-content\/uploads\/2024\/12\/cropped-Logo-COSY-couleurs-.png","width":1504,"height":599,"caption":"Cosy Concept Store "},"image":{"@id":"https:\/\/cosyconceptstore.fr\/#\/schema\/logo\/image\/"}}]}},"_links":{"self":[{"href":"https:\/\/cosyconceptstore.fr\/index.php?rest_route=\/wp\/v2\/product\/1948","targetHints":{"allow":["GET"]}}],"collection":[{"href":"https:\/\/cosyconceptstore.fr\/index.php?rest_route=\/wp\/v2\/product"}],"about":[{"href":"https:\/\/cosyconceptstore.fr\/index.php?rest_route=\/wp\/v2\/types\/product"}],"replies":[{"embeddable":true,"href":"https:\/\/cosyconceptstore.fr\/index.php?rest_route=%2Fwp%2Fv2%2Fcomments&post=1948"}],"wp:featuredmedia":[{"embeddable":true,"href":"https:\/\/cosyconceptstore.fr\/index.php?rest_route=\/wp\/v2\/media\/1945"}],"wp:attachment":[{"href":"https:\/\/cosyconceptstore.fr\/index.php?rest_route=%2Fwp%2Fv2%2Fmedia&parent=1948"}],"wp:term":[{"taxonomy":"product_brand","embeddable":true,"href":"https:\/\/cosyconceptstore.fr\/index.php?rest_route=%2Fwp%2Fv2%2Fproduct_brand&post=1948"},{"taxonomy":"product_cat","embeddable":true,"href":"https:\/\/cosyconceptstore.fr\/index.php?rest_route=%2Fwp%2Fv2%2Fproduct_cat&post=1948"},{"taxonomy":"product_tag","embeddable":true,"href":"https:\/\/cosyconceptstore.fr\/index.php?rest_route=%2Fwp%2Fv2%2Fproduct_tag&post=1948"}],"curies":[{"name":"wp","href":"https:\/\/api.w.org\/{rel}","templated":true}]}}