{"id":1856,"date":"2025-04-16T19:51:13","date_gmt":"2025-04-16T17:51:13","guid":{"rendered":"https:\/\/cosyconceptstore.fr\/?post_type=product&#038;p=1856"},"modified":"2025-04-16T19:53:33","modified_gmt":"2025-04-16T17:53:33","slug":"robe-isis","status":"publish","type":"product","link":"https:\/\/cosyconceptstore.fr\/?product=robe-isis","title":{"rendered":"ROBE Isis"},"content":{"rendered":"","protected":false},"excerpt":{"rendered":"<p class=\"\" data-start=\"200\" data-end=\"501\">ublime robe de c\u00e9r\u00e9monie pour petite fille, alliant gr\u00e2ce et raffinement. Le <strong data-start=\"278\" data-end=\"333\">buste est d\u00e9licatement orn\u00e9 de perles scintillantes<\/strong>, cousues \u00e0 la main, formant de jolis motifs subtils qui captent la lumi\u00e8re avec douceur. La coupe du haut est ajust\u00e9e pour un maintien parfait et une allure princi\u00e8re.<\/p>\n<p class=\"\" data-start=\"503\" data-end=\"787\">Le bas de la robe s\u2019\u00e9vase en une <strong data-start=\"536\" data-end=\"567\">jupe longue \u00e0 tra\u00eene l\u00e9g\u00e8re<\/strong>, enti\u00e8rement d\u00e9cor\u00e9e de <strong data-start=\"592\" data-end=\"621\">fleurs blanches en relief<\/strong>, apportant une touche po\u00e9tique et f\u00e9erique \u00e0 l\u2019ensemble. Chaque fleur est finement travaill\u00e9e, avec des d\u00e9tails en tulle et en satin pour un rendu a\u00e9rien et \u00e9l\u00e9gant.<\/p>\n<p class=\"\" data-start=\"789\" data-end=\"926\">Id\u00e9ale pour un mariage, un bapt\u00eame, ou toute autre grande occasion, cette robe transformera votre enfant en v\u00e9ritable petite princesse.<\/p>\n","protected":false},"featured_media":1857,"comment_status":"open","ping_status":"closed","template":"","meta":{"_kad_post_transparent":"default","_kad_post_title":"","_kad_post_layout":"default","_kad_post_sidebar_id":"","_kad_post_content_style":"default","_kad_post_vertical_padding":"default","_kad_post_feature":"","_kad_post_feature_position":"","_kad_post_header":false,"_kad_post_footer":false},"product_brand":[],"product_cat":[16],"product_tag":[],"class_list":{"0":"post-1856","1":"product","2":"type-product","3":"status-publish","4":"has-post-thumbnail","6":"product_cat-ceremonies-filles","8":"first","9":"instock","10":"shipping-taxable","11":"purchasable","12":"product-type-variable","13":"entry","14":"content-bg","15":"loop-entry"},"yoast_head":"<!-- This site is optimized with the Yoast SEO plugin v27.1.1 - https:\/\/yoast.com\/product\/yoast-seo-wordpress\/ -->\n<title>ROBE Isis - Cosy Concept Store<\/title>\n<meta name=\"robots\" content=\"index, follow, max-snippet:-1, max-image-preview:large, max-video-preview:-1\" \/>\n<link rel=\"canonical\" href=\"https:\/\/cosyconceptstore.fr\/?product=robe-isis\" \/>\n<meta property=\"og:locale\" content=\"en_US\" \/>\n<meta property=\"og:type\" content=\"article\" \/>\n<meta property=\"og:title\" content=\"ROBE Isis - Cosy Concept Store\" \/>\n<meta property=\"og:description\" content=\"ublime robe de c\u00e9r\u00e9monie pour petite fille, alliant gr\u00e2ce et raffinement. Le buste est d\u00e9licatement orn\u00e9 de perles scintillantes, cousues \u00e0 la main, formant de jolis motifs subtils qui captent la lumi\u00e8re avec douceur. La coupe du haut est ajust\u00e9e pour un maintien parfait et une allure princi\u00e8re. Le bas de la robe s\u2019\u00e9vase en une jupe longue \u00e0 tra\u00eene l\u00e9g\u00e8re, enti\u00e8rement d\u00e9cor\u00e9e de fleurs blanches en relief, apportant une touche po\u00e9tique et f\u00e9erique \u00e0 l\u2019ensemble. Chaque fleur est finement travaill\u00e9e, avec des d\u00e9tails en tulle et en satin pour un rendu a\u00e9rien et \u00e9l\u00e9gant. Id\u00e9ale pour un mariage, un bapt\u00eame, ou toute autre grande occasion, cette robe transformera votre enfant en v\u00e9ritable petite princesse.\" \/>\n<meta property=\"og:url\" content=\"https:\/\/cosyconceptstore.fr\/?product=robe-isis\" \/>\n<meta property=\"og:site_name\" content=\"Cosy Concept Store\" \/>\n<meta property=\"article:modified_time\" content=\"2025-04-16T17:53:33+00:00\" \/>\n<meta property=\"og:image\" content=\"https:\/\/cosyconceptstore.fr\/wp-content\/uploads\/2025\/04\/Photoroom_20250416_192612.jpeg\" \/>\n\t<meta property=\"og:image:width\" content=\"1536\" \/>\n\t<meta property=\"og:image:height\" content=\"2048\" \/>\n\t<meta property=\"og:image:type\" content=\"image\/jpeg\" \/>\n<meta name=\"twitter:card\" content=\"summary_large_image\" \/>\n<meta name=\"twitter:label1\" content=\"Est. reading time\" \/>\n\t<meta name=\"twitter:data1\" content=\"1 minute\" \/>\n<script type=\"application\/ld+json\" class=\"yoast-schema-graph\">{\"@context\":\"https:\/\/schema.org\",\"@graph\":[{\"@type\":\"WebPage\",\"@id\":\"https:\/\/cosyconceptstore.fr\/?product=robe-isis\",\"url\":\"https:\/\/cosyconceptstore.fr\/?product=robe-isis\",\"name\":\"ROBE Isis - Cosy Concept Store\",\"isPartOf\":{\"@id\":\"https:\/\/cosyconceptstore.fr\/#website\"},\"primaryImageOfPage\":{\"@id\":\"https:\/\/cosyconceptstore.fr\/?product=robe-isis#primaryimage\"},\"image\":{\"@id\":\"https:\/\/cosyconceptstore.fr\/?product=robe-isis#primaryimage\"},\"thumbnailUrl\":\"https:\/\/cosyconceptstore.fr\/wp-content\/uploads\/2025\/04\/Photoroom_20250416_192612.jpeg\",\"datePublished\":\"2025-04-16T17:51:13+00:00\",\"dateModified\":\"2025-04-16T17:53:33+00:00\",\"breadcrumb\":{\"@id\":\"https:\/\/cosyconceptstore.fr\/?product=robe-isis#breadcrumb\"},\"inLanguage\":\"en-US\",\"potentialAction\":[{\"@type\":\"ReadAction\",\"target\":[\"https:\/\/cosyconceptstore.fr\/?product=robe-isis\"]}]},{\"@type\":\"ImageObject\",\"inLanguage\":\"en-US\",\"@id\":\"https:\/\/cosyconceptstore.fr\/?product=robe-isis#primaryimage\",\"url\":\"https:\/\/cosyconceptstore.fr\/wp-content\/uploads\/2025\/04\/Photoroom_20250416_192612.jpeg\",\"contentUrl\":\"https:\/\/cosyconceptstore.fr\/wp-content\/uploads\/2025\/04\/Photoroom_20250416_192612.jpeg\",\"width\":1536,\"height\":2048},{\"@type\":\"BreadcrumbList\",\"@id\":\"https:\/\/cosyconceptstore.fr\/?product=robe-isis#breadcrumb\",\"itemListElement\":[{\"@type\":\"ListItem\",\"position\":1,\"name\":\"Accueil\",\"item\":\"https:\/\/cosyconceptstore.fr\/\"},{\"@type\":\"ListItem\",\"position\":2,\"name\":\"Boutique\",\"item\":\"https:\/\/cosyconceptstore.fr\/?page_id=6\"},{\"@type\":\"ListItem\",\"position\":3,\"name\":\"ROBE Isis\"}]},{\"@type\":\"WebSite\",\"@id\":\"https:\/\/cosyconceptstore.fr\/#website\",\"url\":\"https:\/\/cosyconceptstore.fr\/\",\"name\":\"Cosy Concept Store\",\"description\":\"Boutique de v\u00eatements pour enfants\",\"publisher\":{\"@id\":\"https:\/\/cosyconceptstore.fr\/#organization\"},\"potentialAction\":[{\"@type\":\"SearchAction\",\"target\":{\"@type\":\"EntryPoint\",\"urlTemplate\":\"https:\/\/cosyconceptstore.fr\/?s={search_term_string}\"},\"query-input\":{\"@type\":\"PropertyValueSpecification\",\"valueRequired\":true,\"valueName\":\"search_term_string\"}}],\"inLanguage\":\"en-US\"},{\"@type\":\"Organization\",\"@id\":\"https:\/\/cosyconceptstore.fr\/#organization\",\"name\":\"Cosy Concept Store\",\"url\":\"https:\/\/cosyconceptstore.fr\/\",\"logo\":{\"@type\":\"ImageObject\",\"inLanguage\":\"en-US\",\"@id\":\"https:\/\/cosyconceptstore.fr\/#\/schema\/logo\/image\/\",\"url\":\"https:\/\/cosyconceptstore.fr\/wp-content\/uploads\/2024\/12\/cropped-Logo-COSY-couleurs-.png\",\"contentUrl\":\"https:\/\/cosyconceptstore.fr\/wp-content\/uploads\/2024\/12\/cropped-Logo-COSY-couleurs-.png\",\"width\":1504,\"height\":599,\"caption\":\"Cosy Concept Store \"},\"image\":{\"@id\":\"https:\/\/cosyconceptstore.fr\/#\/schema\/logo\/image\/\"}}]}<\/script>\n<!-- \/ Yoast SEO plugin. -->","yoast_head_json":{"title":"ROBE Isis - Cosy Concept Store","robots":{"index":"index","follow":"follow","max-snippet":"max-snippet:-1","max-image-preview":"max-image-preview:large","max-video-preview":"max-video-preview:-1"},"canonical":"https:\/\/cosyconceptstore.fr\/?product=robe-isis","og_locale":"en_US","og_type":"article","og_title":"ROBE Isis - Cosy Concept Store","og_description":"ublime robe de c\u00e9r\u00e9monie pour petite fille, alliant gr\u00e2ce et raffinement. Le buste est d\u00e9licatement orn\u00e9 de perles scintillantes, cousues \u00e0 la main, formant de jolis motifs subtils qui captent la lumi\u00e8re avec douceur. La coupe du haut est ajust\u00e9e pour un maintien parfait et une allure princi\u00e8re. Le bas de la robe s\u2019\u00e9vase en une jupe longue \u00e0 tra\u00eene l\u00e9g\u00e8re, enti\u00e8rement d\u00e9cor\u00e9e de fleurs blanches en relief, apportant une touche po\u00e9tique et f\u00e9erique \u00e0 l\u2019ensemble. Chaque fleur est finement travaill\u00e9e, avec des d\u00e9tails en tulle et en satin pour un rendu a\u00e9rien et \u00e9l\u00e9gant. Id\u00e9ale pour un mariage, un bapt\u00eame, ou toute autre grande occasion, cette robe transformera votre enfant en v\u00e9ritable petite princesse.","og_url":"https:\/\/cosyconceptstore.fr\/?product=robe-isis","og_site_name":"Cosy Concept Store","article_modified_time":"2025-04-16T17:53:33+00:00","og_image":[{"width":1536,"height":2048,"url":"https:\/\/cosyconceptstore.fr\/wp-content\/uploads\/2025\/04\/Photoroom_20250416_192612.jpeg","type":"image\/jpeg"}],"twitter_card":"summary_large_image","twitter_misc":{"Est. reading time":"1 minute"},"schema":{"@context":"https:\/\/schema.org","@graph":[{"@type":"WebPage","@id":"https:\/\/cosyconceptstore.fr\/?product=robe-isis","url":"https:\/\/cosyconceptstore.fr\/?product=robe-isis","name":"ROBE Isis - Cosy Concept Store","isPartOf":{"@id":"https:\/\/cosyconceptstore.fr\/#website"},"primaryImageOfPage":{"@id":"https:\/\/cosyconceptstore.fr\/?product=robe-isis#primaryimage"},"image":{"@id":"https:\/\/cosyconceptstore.fr\/?product=robe-isis#primaryimage"},"thumbnailUrl":"https:\/\/cosyconceptstore.fr\/wp-content\/uploads\/2025\/04\/Photoroom_20250416_192612.jpeg","datePublished":"2025-04-16T17:51:13+00:00","dateModified":"2025-04-16T17:53:33+00:00","breadcrumb":{"@id":"https:\/\/cosyconceptstore.fr\/?product=robe-isis#breadcrumb"},"inLanguage":"en-US","potentialAction":[{"@type":"ReadAction","target":["https:\/\/cosyconceptstore.fr\/?product=robe-isis"]}]},{"@type":"ImageObject","inLanguage":"en-US","@id":"https:\/\/cosyconceptstore.fr\/?product=robe-isis#primaryimage","url":"https:\/\/cosyconceptstore.fr\/wp-content\/uploads\/2025\/04\/Photoroom_20250416_192612.jpeg","contentUrl":"https:\/\/cosyconceptstore.fr\/wp-content\/uploads\/2025\/04\/Photoroom_20250416_192612.jpeg","width":1536,"height":2048},{"@type":"BreadcrumbList","@id":"https:\/\/cosyconceptstore.fr\/?product=robe-isis#breadcrumb","itemListElement":[{"@type":"ListItem","position":1,"name":"Accueil","item":"https:\/\/cosyconceptstore.fr\/"},{"@type":"ListItem","position":2,"name":"Boutique","item":"https:\/\/cosyconceptstore.fr\/?page_id=6"},{"@type":"ListItem","position":3,"name":"ROBE Isis"}]},{"@type":"WebSite","@id":"https:\/\/cosyconceptstore.fr\/#website","url":"https:\/\/cosyconceptstore.fr\/","name":"Cosy Concept Store","description":"Boutique de v\u00eatements pour enfants","publisher":{"@id":"https:\/\/cosyconceptstore.fr\/#organization"},"potentialAction":[{"@type":"SearchAction","target":{"@type":"EntryPoint","urlTemplate":"https:\/\/cosyconceptstore.fr\/?s={search_term_string}"},"query-input":{"@type":"PropertyValueSpecification","valueRequired":true,"valueName":"search_term_string"}}],"inLanguage":"en-US"},{"@type":"Organization","@id":"https:\/\/cosyconceptstore.fr\/#organization","name":"Cosy Concept Store","url":"https:\/\/cosyconceptstore.fr\/","logo":{"@type":"ImageObject","inLanguage":"en-US","@id":"https:\/\/cosyconceptstore.fr\/#\/schema\/logo\/image\/","url":"https:\/\/cosyconceptstore.fr\/wp-content\/uploads\/2024\/12\/cropped-Logo-COSY-couleurs-.png","contentUrl":"https:\/\/cosyconceptstore.fr\/wp-content\/uploads\/2024\/12\/cropped-Logo-COSY-couleurs-.png","width":1504,"height":599,"caption":"Cosy Concept Store "},"image":{"@id":"https:\/\/cosyconceptstore.fr\/#\/schema\/logo\/image\/"}}]}},"_links":{"self":[{"href":"https:\/\/cosyconceptstore.fr\/index.php?rest_route=\/wp\/v2\/product\/1856","targetHints":{"allow":["GET"]}}],"collection":[{"href":"https:\/\/cosyconceptstore.fr\/index.php?rest_route=\/wp\/v2\/product"}],"about":[{"href":"https:\/\/cosyconceptstore.fr\/index.php?rest_route=\/wp\/v2\/types\/product"}],"replies":[{"embeddable":true,"href":"https:\/\/cosyconceptstore.fr\/index.php?rest_route=%2Fwp%2Fv2%2Fcomments&post=1856"}],"wp:featuredmedia":[{"embeddable":true,"href":"https:\/\/cosyconceptstore.fr\/index.php?rest_route=\/wp\/v2\/media\/1857"}],"wp:attachment":[{"href":"https:\/\/cosyconceptstore.fr\/index.php?rest_route=%2Fwp%2Fv2%2Fmedia&parent=1856"}],"wp:term":[{"taxonomy":"product_brand","embeddable":true,"href":"https:\/\/cosyconceptstore.fr\/index.php?rest_route=%2Fwp%2Fv2%2Fproduct_brand&post=1856"},{"taxonomy":"product_cat","embeddable":true,"href":"https:\/\/cosyconceptstore.fr\/index.php?rest_route=%2Fwp%2Fv2%2Fproduct_cat&post=1856"},{"taxonomy":"product_tag","embeddable":true,"href":"https:\/\/cosyconceptstore.fr\/index.php?rest_route=%2Fwp%2Fv2%2Fproduct_tag&post=1856"}],"curies":[{"name":"wp","href":"https:\/\/api.w.org\/{rel}","templated":true}]}}