{"id":1701,"date":"2025-02-25T15:19:05","date_gmt":"2025-02-25T14:19:05","guid":{"rendered":"https:\/\/cosyconceptstore.fr\/?post_type=product&#038;p=1701"},"modified":"2025-02-25T15:19:05","modified_gmt":"2025-02-25T14:19:05","slug":"robe-chloe","status":"publish","type":"product","link":"https:\/\/cosyconceptstore.fr\/?product=robe-chloe","title":{"rendered":"Robe Chlo\u00e9"},"content":{"rendered":"","protected":false},"excerpt":{"rendered":"<p>Cette robe de c\u00e9r\u00e9monie pour enfant allie \u00e9l\u00e9gance et raffinement. Le buste est con\u00e7u en satin, apportant une brillance subtile et une douceur au toucher. La texture lisse et luxueuse du satin conf\u00e8re \u00e0 la robe un aspect chic et sophistiqu\u00e9, id\u00e9ale pour les grandes occasions.<\/p>\n<p>La jupe est r\u00e9alis\u00e9e en tulle l\u00e9ger d\u00e9cor\u00e9 de d\u00e9licates broderies edt de sequins. Ces d\u00e9corations d\u00e9licates apportent un \u00e9clat suppl\u00e9mentaire sans trop alourdir la silhouette.<\/p>\n<p>La robe est parfaite pour un mariage, un bapt\u00eame ou toute autre c\u00e9r\u00e9monie, offrant \u00e0 la petite fille une allure \u00e9l\u00e9gante et confortable tout au long de l&#8217;\u00e9v\u00e9nement.<\/p>\n","protected":false},"featured_media":1702,"comment_status":"open","ping_status":"closed","template":"","meta":{"_kad_post_transparent":"default","_kad_post_title":"","_kad_post_layout":"default","_kad_post_sidebar_id":"","_kad_post_content_style":"default","_kad_post_vertical_padding":"default","_kad_post_feature":"","_kad_post_feature_position":"","_kad_post_header":false,"_kad_post_footer":false},"product_brand":[],"product_cat":[16],"product_tag":[],"class_list":{"0":"post-1701","1":"product","2":"type-product","3":"status-publish","4":"has-post-thumbnail","6":"product_cat-ceremonies-filles","8":"first","9":"instock","10":"shipping-taxable","11":"purchasable","12":"product-type-variable","13":"entry","14":"content-bg","15":"loop-entry"},"yoast_head":"<!-- This site is optimized with the Yoast SEO plugin v27.1.1 - https:\/\/yoast.com\/product\/yoast-seo-wordpress\/ -->\n<title>Robe Chlo\u00e9 - Cosy Concept Store<\/title>\n<meta name=\"robots\" content=\"index, follow, max-snippet:-1, max-image-preview:large, max-video-preview:-1\" \/>\n<link rel=\"canonical\" href=\"https:\/\/cosyconceptstore.fr\/?product=robe-chloe\" \/>\n<meta property=\"og:locale\" content=\"en_US\" \/>\n<meta property=\"og:type\" content=\"article\" \/>\n<meta property=\"og:title\" content=\"Robe Chlo\u00e9 - Cosy Concept Store\" \/>\n<meta property=\"og:description\" content=\"Cette robe de c\u00e9r\u00e9monie pour enfant allie \u00e9l\u00e9gance et raffinement. Le buste est con\u00e7u en satin, apportant une brillance subtile et une douceur au toucher. La texture lisse et luxueuse du satin conf\u00e8re \u00e0 la robe un aspect chic et sophistiqu\u00e9, id\u00e9ale pour les grandes occasions.  La jupe est r\u00e9alis\u00e9e en tulle l\u00e9ger d\u00e9cor\u00e9 de d\u00e9licates broderies edt de sequins. Ces d\u00e9corations d\u00e9licates apportent un \u00e9clat suppl\u00e9mentaire sans trop alourdir la silhouette.  La robe est parfaite pour un mariage, un bapt\u00eame ou toute autre c\u00e9r\u00e9monie, offrant \u00e0 la petite fille une allure \u00e9l\u00e9gante et confortable tout au long de l&#039;\u00e9v\u00e9nement.\" \/>\n<meta property=\"og:url\" content=\"https:\/\/cosyconceptstore.fr\/?product=robe-chloe\" \/>\n<meta property=\"og:site_name\" content=\"Cosy Concept Store\" \/>\n<meta property=\"og:image\" content=\"https:\/\/cosyconceptstore.fr\/wp-content\/uploads\/2025\/02\/Photoroom_20250116_124819.jpeg\" \/>\n\t<meta property=\"og:image:width\" content=\"1497\" \/>\n\t<meta property=\"og:image:height\" content=\"1834\" \/>\n\t<meta property=\"og:image:type\" content=\"image\/jpeg\" \/>\n<meta name=\"twitter:card\" content=\"summary_large_image\" \/>\n<meta name=\"twitter:label1\" content=\"Est. reading time\" \/>\n\t<meta name=\"twitter:data1\" content=\"1 minute\" \/>\n<script type=\"application\/ld+json\" class=\"yoast-schema-graph\">{\"@context\":\"https:\/\/schema.org\",\"@graph\":[{\"@type\":\"WebPage\",\"@id\":\"https:\/\/cosyconceptstore.fr\/?product=robe-chloe\",\"url\":\"https:\/\/cosyconceptstore.fr\/?product=robe-chloe\",\"name\":\"Robe Chlo\u00e9 - Cosy Concept Store\",\"isPartOf\":{\"@id\":\"https:\/\/cosyconceptstore.fr\/#website\"},\"primaryImageOfPage\":{\"@id\":\"https:\/\/cosyconceptstore.fr\/?product=robe-chloe#primaryimage\"},\"image\":{\"@id\":\"https:\/\/cosyconceptstore.fr\/?product=robe-chloe#primaryimage\"},\"thumbnailUrl\":\"https:\/\/cosyconceptstore.fr\/wp-content\/uploads\/2025\/02\/Photoroom_20250116_124819.jpeg\",\"datePublished\":\"2025-02-25T14:19:05+00:00\",\"breadcrumb\":{\"@id\":\"https:\/\/cosyconceptstore.fr\/?product=robe-chloe#breadcrumb\"},\"inLanguage\":\"en-US\",\"potentialAction\":[{\"@type\":\"ReadAction\",\"target\":[\"https:\/\/cosyconceptstore.fr\/?product=robe-chloe\"]}]},{\"@type\":\"ImageObject\",\"inLanguage\":\"en-US\",\"@id\":\"https:\/\/cosyconceptstore.fr\/?product=robe-chloe#primaryimage\",\"url\":\"https:\/\/cosyconceptstore.fr\/wp-content\/uploads\/2025\/02\/Photoroom_20250116_124819.jpeg\",\"contentUrl\":\"https:\/\/cosyconceptstore.fr\/wp-content\/uploads\/2025\/02\/Photoroom_20250116_124819.jpeg\",\"width\":1497,\"height\":1834},{\"@type\":\"BreadcrumbList\",\"@id\":\"https:\/\/cosyconceptstore.fr\/?product=robe-chloe#breadcrumb\",\"itemListElement\":[{\"@type\":\"ListItem\",\"position\":1,\"name\":\"Accueil\",\"item\":\"https:\/\/cosyconceptstore.fr\/\"},{\"@type\":\"ListItem\",\"position\":2,\"name\":\"Boutique\",\"item\":\"https:\/\/cosyconceptstore.fr\/?page_id=6\"},{\"@type\":\"ListItem\",\"position\":3,\"name\":\"Robe Chlo\u00e9\"}]},{\"@type\":\"WebSite\",\"@id\":\"https:\/\/cosyconceptstore.fr\/#website\",\"url\":\"https:\/\/cosyconceptstore.fr\/\",\"name\":\"Cosy Concept Store\",\"description\":\"Boutique de v\u00eatements pour enfants\",\"publisher\":{\"@id\":\"https:\/\/cosyconceptstore.fr\/#organization\"},\"potentialAction\":[{\"@type\":\"SearchAction\",\"target\":{\"@type\":\"EntryPoint\",\"urlTemplate\":\"https:\/\/cosyconceptstore.fr\/?s={search_term_string}\"},\"query-input\":{\"@type\":\"PropertyValueSpecification\",\"valueRequired\":true,\"valueName\":\"search_term_string\"}}],\"inLanguage\":\"en-US\"},{\"@type\":\"Organization\",\"@id\":\"https:\/\/cosyconceptstore.fr\/#organization\",\"name\":\"Cosy Concept Store\",\"url\":\"https:\/\/cosyconceptstore.fr\/\",\"logo\":{\"@type\":\"ImageObject\",\"inLanguage\":\"en-US\",\"@id\":\"https:\/\/cosyconceptstore.fr\/#\/schema\/logo\/image\/\",\"url\":\"https:\/\/cosyconceptstore.fr\/wp-content\/uploads\/2024\/12\/cropped-Logo-COSY-couleurs-.png\",\"contentUrl\":\"https:\/\/cosyconceptstore.fr\/wp-content\/uploads\/2024\/12\/cropped-Logo-COSY-couleurs-.png\",\"width\":1504,\"height\":599,\"caption\":\"Cosy Concept Store \"},\"image\":{\"@id\":\"https:\/\/cosyconceptstore.fr\/#\/schema\/logo\/image\/\"}}]}<\/script>\n<!-- \/ Yoast SEO plugin. -->","yoast_head_json":{"title":"Robe Chlo\u00e9 - Cosy Concept Store","robots":{"index":"index","follow":"follow","max-snippet":"max-snippet:-1","max-image-preview":"max-image-preview:large","max-video-preview":"max-video-preview:-1"},"canonical":"https:\/\/cosyconceptstore.fr\/?product=robe-chloe","og_locale":"en_US","og_type":"article","og_title":"Robe Chlo\u00e9 - Cosy Concept Store","og_description":"Cette robe de c\u00e9r\u00e9monie pour enfant allie \u00e9l\u00e9gance et raffinement. Le buste est con\u00e7u en satin, apportant une brillance subtile et une douceur au toucher. La texture lisse et luxueuse du satin conf\u00e8re \u00e0 la robe un aspect chic et sophistiqu\u00e9, id\u00e9ale pour les grandes occasions.  La jupe est r\u00e9alis\u00e9e en tulle l\u00e9ger d\u00e9cor\u00e9 de d\u00e9licates broderies edt de sequins. Ces d\u00e9corations d\u00e9licates apportent un \u00e9clat suppl\u00e9mentaire sans trop alourdir la silhouette.  La robe est parfaite pour un mariage, un bapt\u00eame ou toute autre c\u00e9r\u00e9monie, offrant \u00e0 la petite fille une allure \u00e9l\u00e9gante et confortable tout au long de l'\u00e9v\u00e9nement.","og_url":"https:\/\/cosyconceptstore.fr\/?product=robe-chloe","og_site_name":"Cosy Concept Store","og_image":[{"width":1497,"height":1834,"url":"https:\/\/cosyconceptstore.fr\/wp-content\/uploads\/2025\/02\/Photoroom_20250116_124819.jpeg","type":"image\/jpeg"}],"twitter_card":"summary_large_image","twitter_misc":{"Est. reading time":"1 minute"},"schema":{"@context":"https:\/\/schema.org","@graph":[{"@type":"WebPage","@id":"https:\/\/cosyconceptstore.fr\/?product=robe-chloe","url":"https:\/\/cosyconceptstore.fr\/?product=robe-chloe","name":"Robe Chlo\u00e9 - Cosy Concept Store","isPartOf":{"@id":"https:\/\/cosyconceptstore.fr\/#website"},"primaryImageOfPage":{"@id":"https:\/\/cosyconceptstore.fr\/?product=robe-chloe#primaryimage"},"image":{"@id":"https:\/\/cosyconceptstore.fr\/?product=robe-chloe#primaryimage"},"thumbnailUrl":"https:\/\/cosyconceptstore.fr\/wp-content\/uploads\/2025\/02\/Photoroom_20250116_124819.jpeg","datePublished":"2025-02-25T14:19:05+00:00","breadcrumb":{"@id":"https:\/\/cosyconceptstore.fr\/?product=robe-chloe#breadcrumb"},"inLanguage":"en-US","potentialAction":[{"@type":"ReadAction","target":["https:\/\/cosyconceptstore.fr\/?product=robe-chloe"]}]},{"@type":"ImageObject","inLanguage":"en-US","@id":"https:\/\/cosyconceptstore.fr\/?product=robe-chloe#primaryimage","url":"https:\/\/cosyconceptstore.fr\/wp-content\/uploads\/2025\/02\/Photoroom_20250116_124819.jpeg","contentUrl":"https:\/\/cosyconceptstore.fr\/wp-content\/uploads\/2025\/02\/Photoroom_20250116_124819.jpeg","width":1497,"height":1834},{"@type":"BreadcrumbList","@id":"https:\/\/cosyconceptstore.fr\/?product=robe-chloe#breadcrumb","itemListElement":[{"@type":"ListItem","position":1,"name":"Accueil","item":"https:\/\/cosyconceptstore.fr\/"},{"@type":"ListItem","position":2,"name":"Boutique","item":"https:\/\/cosyconceptstore.fr\/?page_id=6"},{"@type":"ListItem","position":3,"name":"Robe Chlo\u00e9"}]},{"@type":"WebSite","@id":"https:\/\/cosyconceptstore.fr\/#website","url":"https:\/\/cosyconceptstore.fr\/","name":"Cosy Concept Store","description":"Boutique de v\u00eatements pour enfants","publisher":{"@id":"https:\/\/cosyconceptstore.fr\/#organization"},"potentialAction":[{"@type":"SearchAction","target":{"@type":"EntryPoint","urlTemplate":"https:\/\/cosyconceptstore.fr\/?s={search_term_string}"},"query-input":{"@type":"PropertyValueSpecification","valueRequired":true,"valueName":"search_term_string"}}],"inLanguage":"en-US"},{"@type":"Organization","@id":"https:\/\/cosyconceptstore.fr\/#organization","name":"Cosy Concept Store","url":"https:\/\/cosyconceptstore.fr\/","logo":{"@type":"ImageObject","inLanguage":"en-US","@id":"https:\/\/cosyconceptstore.fr\/#\/schema\/logo\/image\/","url":"https:\/\/cosyconceptstore.fr\/wp-content\/uploads\/2024\/12\/cropped-Logo-COSY-couleurs-.png","contentUrl":"https:\/\/cosyconceptstore.fr\/wp-content\/uploads\/2024\/12\/cropped-Logo-COSY-couleurs-.png","width":1504,"height":599,"caption":"Cosy Concept Store "},"image":{"@id":"https:\/\/cosyconceptstore.fr\/#\/schema\/logo\/image\/"}}]}},"_links":{"self":[{"href":"https:\/\/cosyconceptstore.fr\/index.php?rest_route=\/wp\/v2\/product\/1701","targetHints":{"allow":["GET"]}}],"collection":[{"href":"https:\/\/cosyconceptstore.fr\/index.php?rest_route=\/wp\/v2\/product"}],"about":[{"href":"https:\/\/cosyconceptstore.fr\/index.php?rest_route=\/wp\/v2\/types\/product"}],"replies":[{"embeddable":true,"href":"https:\/\/cosyconceptstore.fr\/index.php?rest_route=%2Fwp%2Fv2%2Fcomments&post=1701"}],"wp:featuredmedia":[{"embeddable":true,"href":"https:\/\/cosyconceptstore.fr\/index.php?rest_route=\/wp\/v2\/media\/1702"}],"wp:attachment":[{"href":"https:\/\/cosyconceptstore.fr\/index.php?rest_route=%2Fwp%2Fv2%2Fmedia&parent=1701"}],"wp:term":[{"taxonomy":"product_brand","embeddable":true,"href":"https:\/\/cosyconceptstore.fr\/index.php?rest_route=%2Fwp%2Fv2%2Fproduct_brand&post=1701"},{"taxonomy":"product_cat","embeddable":true,"href":"https:\/\/cosyconceptstore.fr\/index.php?rest_route=%2Fwp%2Fv2%2Fproduct_cat&post=1701"},{"taxonomy":"product_tag","embeddable":true,"href":"https:\/\/cosyconceptstore.fr\/index.php?rest_route=%2Fwp%2Fv2%2Fproduct_tag&post=1701"}],"curies":[{"name":"wp","href":"https:\/\/api.w.org\/{rel}","templated":true}]}}