{"id":1664,"date":"2025-02-25T13:19:02","date_gmt":"2025-02-25T12:19:02","guid":{"rendered":"https:\/\/cosyconceptstore.fr\/?post_type=product&#038;p=1664"},"modified":"2025-05-04T09:09:00","modified_gmt":"2025-05-04T07:09:00","slug":"robe-agatha-ivoire","status":"publish","type":"product","link":"https:\/\/cosyconceptstore.fr\/?product=robe-agatha-ivoire","title":{"rendered":"Robe Agatha"},"content":{"rendered":"","protected":false},"excerpt":{"rendered":"<p>\u00c9l\u00e9gante et raffin\u00e9e, cette robe de c\u00e9r\u00e9monie ivoire est parfaite pour les grandes occasions. Confectionn\u00e9e dans un tissu d\u00e9licat et fluide, elle offre un tomb\u00e9 gracieux et un confort optimal pour votre enfant. La robe apporte une touche de sophistication, tandis que ses manches trois-quarts ajoutent une note de charme et d\u2019\u00e9l\u00e9gance.<\/p>\n","protected":false},"featured_media":1665,"comment_status":"open","ping_status":"closed","template":"","meta":{"_kad_post_transparent":"default","_kad_post_title":"","_kad_post_layout":"default","_kad_post_sidebar_id":"","_kad_post_content_style":"default","_kad_post_vertical_padding":"default","_kad_post_feature":"","_kad_post_feature_position":"","_kad_post_header":false,"_kad_post_footer":false},"product_brand":[],"product_cat":[16],"product_tag":[],"class_list":{"0":"post-1664","1":"product","2":"type-product","3":"status-publish","4":"has-post-thumbnail","6":"product_cat-ceremonies-filles","8":"first","9":"instock","10":"shipping-taxable","11":"purchasable","12":"product-type-variable","13":"entry","14":"content-bg","15":"loop-entry"},"yoast_head":"<!-- This site is optimized with the Yoast SEO plugin v27.1.1 - https:\/\/yoast.com\/product\/yoast-seo-wordpress\/ -->\n<title>Robe Agatha - Cosy Concept Store<\/title>\n<meta name=\"robots\" content=\"index, follow, max-snippet:-1, max-image-preview:large, max-video-preview:-1\" \/>\n<link rel=\"canonical\" href=\"https:\/\/cosyconceptstore.fr\/?product=robe-agatha-ivoire\" \/>\n<meta property=\"og:locale\" content=\"en_US\" \/>\n<meta property=\"og:type\" content=\"article\" \/>\n<meta property=\"og:title\" content=\"Robe Agatha - Cosy Concept Store\" \/>\n<meta property=\"og:description\" content=\"\u00c9l\u00e9gante et raffin\u00e9e, cette robe de c\u00e9r\u00e9monie ivoire est parfaite pour les grandes occasions. Confectionn\u00e9e dans un tissu d\u00e9licat et fluide, elle offre un tomb\u00e9 gracieux et un confort optimal pour votre enfant. La robe apporte une touche de sophistication, tandis que ses manches trois-quarts ajoutent une note de charme et d\u2019\u00e9l\u00e9gance.\" \/>\n<meta property=\"og:url\" content=\"https:\/\/cosyconceptstore.fr\/?product=robe-agatha-ivoire\" \/>\n<meta property=\"og:site_name\" content=\"Cosy Concept Store\" \/>\n<meta property=\"article:modified_time\" content=\"2025-05-04T07:09:00+00:00\" \/>\n<meta property=\"og:image\" content=\"https:\/\/cosyconceptstore.fr\/wp-content\/uploads\/2025\/02\/95A59A6D-B384-497C-8385-67BD3CEFA54B.jpg\" \/>\n\t<meta property=\"og:image:width\" content=\"1536\" \/>\n\t<meta property=\"og:image:height\" content=\"2048\" \/>\n\t<meta property=\"og:image:type\" content=\"image\/jpeg\" \/>\n<meta name=\"twitter:card\" content=\"summary_large_image\" \/>\n<meta name=\"twitter:label1\" content=\"Est. reading time\" \/>\n\t<meta name=\"twitter:data1\" content=\"1 minute\" \/>\n<script type=\"application\/ld+json\" class=\"yoast-schema-graph\">{\"@context\":\"https:\/\/schema.org\",\"@graph\":[{\"@type\":\"WebPage\",\"@id\":\"https:\/\/cosyconceptstore.fr\/?product=robe-agatha-ivoire\",\"url\":\"https:\/\/cosyconceptstore.fr\/?product=robe-agatha-ivoire\",\"name\":\"Robe Agatha - Cosy Concept Store\",\"isPartOf\":{\"@id\":\"https:\/\/cosyconceptstore.fr\/#website\"},\"primaryImageOfPage\":{\"@id\":\"https:\/\/cosyconceptstore.fr\/?product=robe-agatha-ivoire#primaryimage\"},\"image\":{\"@id\":\"https:\/\/cosyconceptstore.fr\/?product=robe-agatha-ivoire#primaryimage\"},\"thumbnailUrl\":\"https:\/\/cosyconceptstore.fr\/wp-content\/uploads\/2025\/02\/95A59A6D-B384-497C-8385-67BD3CEFA54B.jpg\",\"datePublished\":\"2025-02-25T12:19:02+00:00\",\"dateModified\":\"2025-05-04T07:09:00+00:00\",\"breadcrumb\":{\"@id\":\"https:\/\/cosyconceptstore.fr\/?product=robe-agatha-ivoire#breadcrumb\"},\"inLanguage\":\"en-US\",\"potentialAction\":[{\"@type\":\"ReadAction\",\"target\":[\"https:\/\/cosyconceptstore.fr\/?product=robe-agatha-ivoire\"]}]},{\"@type\":\"ImageObject\",\"inLanguage\":\"en-US\",\"@id\":\"https:\/\/cosyconceptstore.fr\/?product=robe-agatha-ivoire#primaryimage\",\"url\":\"https:\/\/cosyconceptstore.fr\/wp-content\/uploads\/2025\/02\/95A59A6D-B384-497C-8385-67BD3CEFA54B.jpg\",\"contentUrl\":\"https:\/\/cosyconceptstore.fr\/wp-content\/uploads\/2025\/02\/95A59A6D-B384-497C-8385-67BD3CEFA54B.jpg\",\"width\":1536,\"height\":2048},{\"@type\":\"BreadcrumbList\",\"@id\":\"https:\/\/cosyconceptstore.fr\/?product=robe-agatha-ivoire#breadcrumb\",\"itemListElement\":[{\"@type\":\"ListItem\",\"position\":1,\"name\":\"Accueil\",\"item\":\"https:\/\/cosyconceptstore.fr\/\"},{\"@type\":\"ListItem\",\"position\":2,\"name\":\"Boutique\",\"item\":\"https:\/\/cosyconceptstore.fr\/?page_id=6\"},{\"@type\":\"ListItem\",\"position\":3,\"name\":\"Robe Agatha\"}]},{\"@type\":\"WebSite\",\"@id\":\"https:\/\/cosyconceptstore.fr\/#website\",\"url\":\"https:\/\/cosyconceptstore.fr\/\",\"name\":\"Cosy Concept Store\",\"description\":\"Boutique de v\u00eatements pour enfants\",\"publisher\":{\"@id\":\"https:\/\/cosyconceptstore.fr\/#organization\"},\"potentialAction\":[{\"@type\":\"SearchAction\",\"target\":{\"@type\":\"EntryPoint\",\"urlTemplate\":\"https:\/\/cosyconceptstore.fr\/?s={search_term_string}\"},\"query-input\":{\"@type\":\"PropertyValueSpecification\",\"valueRequired\":true,\"valueName\":\"search_term_string\"}}],\"inLanguage\":\"en-US\"},{\"@type\":\"Organization\",\"@id\":\"https:\/\/cosyconceptstore.fr\/#organization\",\"name\":\"Cosy Concept Store\",\"url\":\"https:\/\/cosyconceptstore.fr\/\",\"logo\":{\"@type\":\"ImageObject\",\"inLanguage\":\"en-US\",\"@id\":\"https:\/\/cosyconceptstore.fr\/#\/schema\/logo\/image\/\",\"url\":\"https:\/\/cosyconceptstore.fr\/wp-content\/uploads\/2024\/12\/cropped-Logo-COSY-couleurs-.png\",\"contentUrl\":\"https:\/\/cosyconceptstore.fr\/wp-content\/uploads\/2024\/12\/cropped-Logo-COSY-couleurs-.png\",\"width\":1504,\"height\":599,\"caption\":\"Cosy Concept Store \"},\"image\":{\"@id\":\"https:\/\/cosyconceptstore.fr\/#\/schema\/logo\/image\/\"}}]}<\/script>\n<!-- \/ Yoast SEO plugin. -->","yoast_head_json":{"title":"Robe Agatha - Cosy Concept Store","robots":{"index":"index","follow":"follow","max-snippet":"max-snippet:-1","max-image-preview":"max-image-preview:large","max-video-preview":"max-video-preview:-1"},"canonical":"https:\/\/cosyconceptstore.fr\/?product=robe-agatha-ivoire","og_locale":"en_US","og_type":"article","og_title":"Robe Agatha - Cosy Concept Store","og_description":"\u00c9l\u00e9gante et raffin\u00e9e, cette robe de c\u00e9r\u00e9monie ivoire est parfaite pour les grandes occasions. Confectionn\u00e9e dans un tissu d\u00e9licat et fluide, elle offre un tomb\u00e9 gracieux et un confort optimal pour votre enfant. La robe apporte une touche de sophistication, tandis que ses manches trois-quarts ajoutent une note de charme et d\u2019\u00e9l\u00e9gance.","og_url":"https:\/\/cosyconceptstore.fr\/?product=robe-agatha-ivoire","og_site_name":"Cosy Concept Store","article_modified_time":"2025-05-04T07:09:00+00:00","og_image":[{"width":1536,"height":2048,"url":"https:\/\/cosyconceptstore.fr\/wp-content\/uploads\/2025\/02\/95A59A6D-B384-497C-8385-67BD3CEFA54B.jpg","type":"image\/jpeg"}],"twitter_card":"summary_large_image","twitter_misc":{"Est. reading time":"1 minute"},"schema":{"@context":"https:\/\/schema.org","@graph":[{"@type":"WebPage","@id":"https:\/\/cosyconceptstore.fr\/?product=robe-agatha-ivoire","url":"https:\/\/cosyconceptstore.fr\/?product=robe-agatha-ivoire","name":"Robe Agatha - Cosy Concept Store","isPartOf":{"@id":"https:\/\/cosyconceptstore.fr\/#website"},"primaryImageOfPage":{"@id":"https:\/\/cosyconceptstore.fr\/?product=robe-agatha-ivoire#primaryimage"},"image":{"@id":"https:\/\/cosyconceptstore.fr\/?product=robe-agatha-ivoire#primaryimage"},"thumbnailUrl":"https:\/\/cosyconceptstore.fr\/wp-content\/uploads\/2025\/02\/95A59A6D-B384-497C-8385-67BD3CEFA54B.jpg","datePublished":"2025-02-25T12:19:02+00:00","dateModified":"2025-05-04T07:09:00+00:00","breadcrumb":{"@id":"https:\/\/cosyconceptstore.fr\/?product=robe-agatha-ivoire#breadcrumb"},"inLanguage":"en-US","potentialAction":[{"@type":"ReadAction","target":["https:\/\/cosyconceptstore.fr\/?product=robe-agatha-ivoire"]}]},{"@type":"ImageObject","inLanguage":"en-US","@id":"https:\/\/cosyconceptstore.fr\/?product=robe-agatha-ivoire#primaryimage","url":"https:\/\/cosyconceptstore.fr\/wp-content\/uploads\/2025\/02\/95A59A6D-B384-497C-8385-67BD3CEFA54B.jpg","contentUrl":"https:\/\/cosyconceptstore.fr\/wp-content\/uploads\/2025\/02\/95A59A6D-B384-497C-8385-67BD3CEFA54B.jpg","width":1536,"height":2048},{"@type":"BreadcrumbList","@id":"https:\/\/cosyconceptstore.fr\/?product=robe-agatha-ivoire#breadcrumb","itemListElement":[{"@type":"ListItem","position":1,"name":"Accueil","item":"https:\/\/cosyconceptstore.fr\/"},{"@type":"ListItem","position":2,"name":"Boutique","item":"https:\/\/cosyconceptstore.fr\/?page_id=6"},{"@type":"ListItem","position":3,"name":"Robe Agatha"}]},{"@type":"WebSite","@id":"https:\/\/cosyconceptstore.fr\/#website","url":"https:\/\/cosyconceptstore.fr\/","name":"Cosy Concept Store","description":"Boutique de v\u00eatements pour enfants","publisher":{"@id":"https:\/\/cosyconceptstore.fr\/#organization"},"potentialAction":[{"@type":"SearchAction","target":{"@type":"EntryPoint","urlTemplate":"https:\/\/cosyconceptstore.fr\/?s={search_term_string}"},"query-input":{"@type":"PropertyValueSpecification","valueRequired":true,"valueName":"search_term_string"}}],"inLanguage":"en-US"},{"@type":"Organization","@id":"https:\/\/cosyconceptstore.fr\/#organization","name":"Cosy Concept Store","url":"https:\/\/cosyconceptstore.fr\/","logo":{"@type":"ImageObject","inLanguage":"en-US","@id":"https:\/\/cosyconceptstore.fr\/#\/schema\/logo\/image\/","url":"https:\/\/cosyconceptstore.fr\/wp-content\/uploads\/2024\/12\/cropped-Logo-COSY-couleurs-.png","contentUrl":"https:\/\/cosyconceptstore.fr\/wp-content\/uploads\/2024\/12\/cropped-Logo-COSY-couleurs-.png","width":1504,"height":599,"caption":"Cosy Concept Store "},"image":{"@id":"https:\/\/cosyconceptstore.fr\/#\/schema\/logo\/image\/"}}]}},"_links":{"self":[{"href":"https:\/\/cosyconceptstore.fr\/index.php?rest_route=\/wp\/v2\/product\/1664","targetHints":{"allow":["GET"]}}],"collection":[{"href":"https:\/\/cosyconceptstore.fr\/index.php?rest_route=\/wp\/v2\/product"}],"about":[{"href":"https:\/\/cosyconceptstore.fr\/index.php?rest_route=\/wp\/v2\/types\/product"}],"replies":[{"embeddable":true,"href":"https:\/\/cosyconceptstore.fr\/index.php?rest_route=%2Fwp%2Fv2%2Fcomments&post=1664"}],"wp:featuredmedia":[{"embeddable":true,"href":"https:\/\/cosyconceptstore.fr\/index.php?rest_route=\/wp\/v2\/media\/1665"}],"wp:attachment":[{"href":"https:\/\/cosyconceptstore.fr\/index.php?rest_route=%2Fwp%2Fv2%2Fmedia&parent=1664"}],"wp:term":[{"taxonomy":"product_brand","embeddable":true,"href":"https:\/\/cosyconceptstore.fr\/index.php?rest_route=%2Fwp%2Fv2%2Fproduct_brand&post=1664"},{"taxonomy":"product_cat","embeddable":true,"href":"https:\/\/cosyconceptstore.fr\/index.php?rest_route=%2Fwp%2Fv2%2Fproduct_cat&post=1664"},{"taxonomy":"product_tag","embeddable":true,"href":"https:\/\/cosyconceptstore.fr\/index.php?rest_route=%2Fwp%2Fv2%2Fproduct_tag&post=1664"}],"curies":[{"name":"wp","href":"https:\/\/api.w.org\/{rel}","templated":true}]}}