{"id":23,"date":"2024-12-10T00:12:28","date_gmt":"2024-12-09T23:12:28","guid":{"rendered":"https:\/\/cosyconceptstore.fr\/?page_id=23"},"modified":"2025-01-21T10:52:43","modified_gmt":"2025-01-21T09:52:43","slug":"conditions-generales-de-vente","status":"publish","type":"page","link":"https:\/\/cosyconceptstore.fr\/?page_id=23","title":{"rendered":"Conditions G\u00e9n\u00e9rales de Vente"},"content":{"rendered":"\n<p>Entre la Soci\u00e9t\u00e9 COSY, immatricul\u00e9e au Registre du Commerce d\u00fbment habilit\u00e9 aux fins des pr\u00e9sentes.<\/p>\n\n\n\n<p>RCS : Pontoise B 904 869 146<br>SIREN : 904869146<br>SIRET : 90486914600012<br>Adresse de la boutique : 10 passage de l&#8217;aqueduc, 93200 Saint-Denis<\/p>\n\n\n\n<p><br>La soci\u00e9t\u00e9 peut \u00eatre jointe par email en cliquant sur le formulaire de contact accessible via la page d\u2019accueil du site. Ci-apr\u00e8s le \u00ab Vendeur \u00bb ou la \u00ab Soci\u00e9t\u00e9 \u00bb.<br>D\u2019une part, Et la personne physique ou morale proc\u00e9dant \u00e0 l\u2019achat de produits ou services de la soci\u00e9t\u00e9,<br>Ci-apr\u00e8s, \u00ab l\u2019Acheteur \u00bb, ou \u00ab le Client \u00bb D\u2019autre part, Il a \u00e9t\u00e9 expos\u00e9 et convenu ce qui suit :<\/p>\n\n\n\n<p><br>PREAMBULE<br>La boutique propose la vente de pr\u00eat \u00e0 porter exclusivement \u00e0 destination de consommateurs, commercialis\u00e9s par l\u2019interm\u00e9diaire de son site internet cosyconceptstore.fr. La liste et le descriptif des biens et services propos\u00e9s par la soci\u00e9t\u00e9 peuvent \u00eatre consult\u00e9s sur le site susmentionn\u00e9.<\/p>\n\n\n\n<p><br>Article 1 : Objet et dispositions g\u00e9n\u00e9rales<br>Les pr\u00e9sentes Conditions G\u00e9n\u00e9rales de Vente d\u00e9terminent les droits et obligations des parties dans le cadre de la vente en ligne de Produits propos\u00e9s par le Vendeur.<br>Les pr\u00e9sentes Conditions G\u00e9n\u00e9rales de Vente (CGV) s\u2019appliquent \u00e0 toutes les ventes de Produits, effectu\u00e9es au travers des sites Internet de la Soci\u00e9t\u00e9 qui sont partie int\u00e9grante du Contrat entre l\u2019Acheteur et le Vendeur.<br>Le Vendeur se r\u00e9serve la possibilit\u00e9 de modifier les pr\u00e9sentes, \u00e0 tout moment par la publication d\u2019une nouvelle version sur son site Internet. Les CGV applicables alors sont celles \u00e9tant en vigueur \u00e0 la date du paiement (ou du premier paiement en cas de paiements multiples) de la commande.<br>La Soci\u00e9t\u00e9 s\u2019assure \u00e9galement que leur acceptation soit claire et sans r\u00e9serve en mettant en place une case \u00e0 cocher et un clic de validation. Le Client d\u00e9clare avoir pris connaissance de l\u2019ensemble des pr\u00e9sentes Conditions G\u00e9n\u00e9rales de Vente, et le cas \u00e9ch\u00e9ant des conditions Particuli\u00e8res de Vente li\u00e9es \u00e0 un produit ou \u00e0 un service, et les accepter sans restriction ni r\u00e9serve.<br>Le Client reconna\u00eet qu\u2019il a b\u00e9n\u00e9fici\u00e9 des conseils et informations n\u00e9cessaires afin de s\u2019assurer de l\u2019ad\u00e9quation de l\u2019offre \u00e0 ses besoins. Le Client d\u00e9clare \u00eatre en mesure de contracter l\u00e9galement en vertu des lois fran\u00e7aises ou valablement repr\u00e9senter la personne physique ou morale pour laquelle il s\u2019engage.<br>Sauf preuve contraire les informations enregistr\u00e9es par la Soci\u00e9t\u00e9 constituent la preuve de l\u2019ensemble des transactions.<\/p>\n\n\n\n<p><br>Article 2 : Prix<br>Les prix des produits vendus au travers des sites Internet sont indiqu\u00e9s en Euros TTC et pr\u00e9cis\u00e9ment d\u00e9termin\u00e9s sur les pages de descriptifs des Produits. Ils sont \u00e9galement indiqu\u00e9s en euros toutes taxes<br>comprises (TVA + autres taxes \u00e9ventuelles) sur la page de commande des produits, et hors frais sp\u00e9cifiques d&#8217;exp\u00e9dition.<br>Pour tous les produits exp\u00e9di\u00e9s hors Union europ\u00e9enne et\/ou DOM-TOM, le prix est calcul\u00e9 TTC automatiquement sur la facture. Des droits de douane ou autres taxes locales ou droits d&#8217;importation ou taxes d&#8217;\u00e9tat sont susceptibles d&#8217;\u00eatre exigibles dans certains cas. Ces droits et sommes ne rel\u00e8vent pas du ressort du Vendeur. Ils seront \u00e0 la charge de l&#8217;acheteur et rel\u00e8vent de sa responsabilit\u00e9 (d\u00e9clarations, paiement aux autorit\u00e9s comp\u00e9tentes,  etc.).<br>Le Vendeur invite \u00e0 ce titre l&#8217;acheteur \u00e0 se renseigner sur ces aspects aupr\u00e8s des autorit\u00e9s locales correspondantes. La Soci\u00e9t\u00e9 se r\u00e9serve la possibilit\u00e9 de modifier ses prix \u00e0 tout moment pour l\u2019avenir. Les frais de t\u00e9l\u00e9communication n\u00e9cessaires \u00e0 l\u2019acc\u00e8s aux sites Internet de la Soci\u00e9t\u00e9 sont \u00e0 la charge du Client. Le cas \u00e9ch\u00e9ant \u00e9galement, les frais de livraison.<\/p>\n\n\n\n<p>Article 3 : Conclusion du contrat en ligne<br>Le Client devra suivre une s\u00e9rie d\u2019\u00e9tapes sp\u00e9cifiques \u00e0 chaque Produit offert par le Vendeur pour pouvoir r\u00e9aliser sa commande. Toutefois, les \u00e9tapes d\u00e9crites ci-apr\u00e8s sont syst\u00e9matiques : \u27a2 Information sur les caract\u00e9ristiques essentielles du Produit ; \u27a2 Choix du Produit, le cas \u00e9ch\u00e9ant de ses options et indication des donn\u00e9es essentielles du Client (identification, adresse\u2026) ; \u27a2 Acceptation des pr\u00e9sentes Conditions G\u00e9n\u00e9rales de Vente. \u27a2 V\u00e9rification des \u00e9l\u00e9ments de la commande et, le cas \u00e9ch\u00e9ant, correction des erreurs. \u27a2 Suivi des instructions pour le paiement, et paiement des produits. \u27a2 Livraison des produits. Le Client recevra alors confirmation par courrier \u00e9lectronique du paiement de la commande, ainsi qu\u2019un accus\u00e9 de r\u00e9ception de la commande la confirmant. Il recevra un exemplaire .pdf des pr\u00e9sentes conditions g\u00e9n\u00e9rales de vente. Pour les produits livr\u00e9s, cette livraison se fera \u00e0 l\u2019adresse indiqu\u00e9e par le Client. Aux fins de bonne r\u00e9alisation de la commande, et conform\u00e9ment \u00e0 l\u2019article 1316-1 du Code civil, le Client s\u2019engage \u00e0 fournir ses \u00e9l\u00e9ments d\u2019identification v\u00e9ridiques. Le Vendeur se r\u00e9serve la possibilit\u00e9 de refuser la commande, par exemple pour toute demande anormale, r\u00e9alis\u00e9e de mauvaise foi ou pour tout motif l\u00e9gitime.<\/p>\n\n\n\n<p><br>Article 4 : Produits et services<br>Les caract\u00e9ristiques essentielles des biens, des services et leurs prix respectifs sont mis \u00e0 disposition de l\u2019acheteur sur les sites Internet de la soci\u00e9t\u00e9. Le client atteste avoir re\u00e7u un d\u00e9tail des frais de livraison ainsi que les modalit\u00e9s de paiement, de livraison et d\u2019ex\u00e9cution du contrat.<br>Le vendeur s\u2019engage \u00e0 honorer la commande du Client dans la limite des stocks de Produits disponibles uniquement. A d\u00e9faut, le Vendeur en informe le Client. Ces informations contractuelles sont pr\u00e9sent\u00e9es en d\u00e9tail et en langue fran\u00e7aise. Conform\u00e9ment \u00e0 la loi fran\u00e7aise, elles font l\u2019objet d\u2019un r\u00e9capitulatif et d\u2019une confirmation lors de la validation de la commande. Les parties conviennent que les illustrations ou photos des produits offerts \u00e0 la vente n\u2019ont pas de valeur contractuelle.<br>La dur\u00e9e de validit\u00e9 de l\u2019offre des Produits ainsi que leurs prix est pr\u00e9cis\u00e9e sur les sites Internet de la Soci\u00e9t\u00e9, ainsi que la dur\u00e9e minimale des contrats propos\u00e9s lorsque ceux-ci portent sur une fourniture continue ou p\u00e9riodique de produits ou services. Sauf conditions particuli\u00e8res, les droits conc\u00e9d\u00e9s au titre des pr\u00e9sentes le sont uniquement \u00e0 la personne physique signataire de la commande (ou la personne titulaire de l\u2019adresse email communiqu\u00e9).<br>Conform\u00e9ment aux dispositions l\u00e9gales en mati\u00e8re de conformit\u00e9 et de vices cach\u00e9s, le Vendeur<br>rembourse ou \u00e9change les produits d\u00e9fectueux ou ne correspondant pas \u00e0 la commande. Le<br>remboursement peut \u00eatre demand\u00e9 de la mani\u00e8re suivante : Merci de nous contacter via le formulaire de<br>contact pr\u00e9sent dans la section contact en bas de page.<\/p>\n\n\n\n<p><br>Article 5 : Clause de r\u00e9serve de propri\u00e9t\u00e9<br>Les produits demeurent la propri\u00e9t\u00e9 de la Soci\u00e9t\u00e9 jusqu\u2019au complet paiement du prix.<\/p>\n\n\n\n<p><br>Article 6 : Modalit\u00e9s de livraison<br>Les produits sont livr\u00e9s \u00e0 l&#8217;adresse de livraison qui a \u00e9t\u00e9 indiqu\u00e9e lors de la commande et le d\u00e9lai indiqu\u00e9.<br>Ce d\u00e9lai ne prend pas en compte le d\u00e9lai de pr\u00e9paration de la commande.<br>Le Vendeur rappelle qu\u2019au moment o\u00f9 le Client pend possession physiquement des produits, les risques de perte ou d\u2019endommagement des produits lui est transf\u00e9r\u00e9. Il appartient au Client de notifier au transporteur toute r\u00e9serve sur le produit livr\u00e9.<\/p>\n\n\n\n<p><br>Article 6-2 : D\u00e9lais de livraison<br>D\u00e9lai de livraison Colissimo : 48 \u00e0 72 heures -jours ouvr\u00e9s<br>D\u00e9lai de livraison Mondial Relay : 4 \u00e0 7 jours ouvr\u00e9s<br>Ces d\u00e9lais de livraison ne prennent pas en compte le d\u00e9lai de pr\u00e9paration qui peut varier entre 24h \u00e0 72h. Les risques li\u00e9s au transport sont \u00e0 la charge de l\u2019acqu\u00e9reur \u00e0 compter du moment o\u00f9 les articles quittent nos locaux. L\u2019acheteur est tenu de v\u00e9rifier en pr\u00e9sence du pr\u00e9pos\u00e9 de La Poste ou du livreur, l\u2019\u00e9tat de l&#8217;emballage de la marchandise et son contenu \u00e0 la livraison. En cas de dommage pendant le transport,<br>toute protestation doit \u00eatre effectu\u00e9e aupr\u00e8s du transporteur dans un d\u00e9lai de trois jours \u00e0 compter de la livraison. Bien que COSY Concept Store tente d\u2019assurer la livraison dans les meilleurs d\u00e9lais, COSY Concept Store ne pourra \u00eatre tenu responsable en cas de retard de livraison.<\/p>\n\n\n\n<p><br>Article 7 : Disponibilit\u00e9 et pr\u00e9sentation<br>Les commandes seront trait\u00e9es dans la limite de nos stocks disponibles ou sous r\u00e9serve des stocks disponibles chez nos fournisseurs. En cas d\u2019indisponibilit\u00e9 d\u2019un article pour une p\u00e9riode sup\u00e9rieure \u00e0 100 jours ouvrables, vous serez imm\u00e9diatement pr\u00e9venu des d\u00e9lais pr\u00e9visibles de livraison et la commande de cet article pourra \u00eatre annul\u00e9e sur simple demande. Le Client pourra alors demander un avoir pour le montant de l\u2019article ou son remboursement.<\/p>\n\n\n\n<p><br>Article 8 : Paiement<br>Le paiement est exigible imm\u00e9diatement \u00e0 la commande, y compris pour les produits en pr\u00e9commande.<br>Le Client peut effectuer le r\u00e8glement par carte de paiement ou ch\u00e8que bancaire. Les cartes \u00e9mises par des banques domicili\u00e9es hors de France doivent obligatoirement \u00eatre des cartes bancaires internationales<br>(Mastercard ou Visa). Le paiement s\u00e9curis\u00e9 en ligne par carte bancaire est r\u00e9alis\u00e9 par notre prestataire de paiement. Les informations transmises sont chiffr\u00e9es dans les r\u00e8gles de l\u2019art et ne peuvent \u00eatre lues au cours du transport sur le r\u00e9seau. Une fois le paiement lanc\u00e9 par le Client, la transaction est imm\u00e9diatement d\u00e9bit\u00e9e apr\u00e8s v\u00e9rification des informations. Conform\u00e9ment \u00e0 l\u2019article L. 132-2 du Code mon\u00e9taire et financier, l\u2019engagement de payer donn\u00e9 par carte est irr\u00e9vocable. En communiquant ses informations bancaires lors de la vente, le Client autorise le Vendeur \u00e0 d\u00e9biter sa carte du montant relatif au prix indiqu\u00e9. Le Client confirme qu\u2019il est bien le titulaire l\u00e9gal de la carte \u00e0 d\u00e9biter et qu\u2019il est l\u00e9galement en droit d\u2019en faire usage. En cas d\u2019erreur, ou d\u2019impossibilit\u00e9 de d\u00e9biter la carte, la Vente est imm\u00e9diatement r\u00e9solue de plein droit et la commande annul\u00e9e.<\/p>\n\n\n\n<p>Les moyens de paiement disponibles sont :<\/p>\n\n\n\n<ul class=\"wp-block-list\">\n<li><strong>Stripe<\/strong><\/li>\n\n\n\n<li><strong>PayPal<\/strong>, incluant le paiement en 4X sans frais<\/li>\n\n\n\n<li><strong>Apple Pay<\/strong><\/li>\n\n\n\n<li><strong>Google Pay (GPay)<\/strong><\/li>\n<\/ul>\n\n\n\n<p><br>Article 9 : Garanties<br>Conform\u00e9ment \u00e0 la loi, le Vendeur assume deux garanties : de conformit\u00e9 et relative aux vices cach\u00e9s des produits. Le Vendeur rembourse l&#8217;acheteur ou \u00e9change les produits apparemment d\u00e9fectueux. La demande de remboursement doit s&#8217;effectuer de la mani\u00e8re suivante : Merci de nous contacter via le formulaire de contact situ\u00e9 en bas de page, rubrique contact.<\/p>\n\n\n\n<p>Article 10 : R\u00e9clamations<br>Le cas \u00e9ch\u00e9ant, l\u2019Acheteur peut pr\u00e9senter toute r\u00e9clamation en contactant la soci\u00e9t\u00e9 au moyen des coordonn\u00e9es suivantes : Conform\u00e9ment \u00e0 l&#8217;article L.221-18 du Code de la consommation, le Client dispose d&#8217;un d\u00e9lai de 14 jours calendaires \u00e0 compter de la r\u00e9ception du produit pour exercer son droit de r\u00e9tractation, sans avoir \u00e0 justifier de motifs ni \u00e0 payer de p\u00e9nalit\u00e9s.<\/p>\n\n\n\n<p>Pour exercer ce droit, le Client doit notifier sa d\u00e9cision \u00e0 COSY par courrier ou e-mail. Les produits doivent \u00eatre retourn\u00e9s dans leur \u00e9tat d&#8217;origine, non utilis\u00e9s et avec leur emballage intact. Conform\u00e9ment \u00e0 l&#8217;article L.221-23, les frais de retour sont \u00e0 la charge du Client. <\/p>\n\n\n\n<p>Merci de nous contacter via le formulaire de contact pr\u00e9sent dans la section <a href=\"https:\/\/cosyconceptstore.fr\/\">contact<\/a> en bas de page.<\/p>\n\n\n\n<p><br>Article 11 : Droits de propri\u00e9t\u00e9 intellectuelle<br>Les marques, noms de domaines, produits, logiciels, images, vid\u00e9os, textes ou plus g\u00e9n\u00e9ralement toute information objet de droits de propri\u00e9t\u00e9 intellectuelle sont et restent la propri\u00e9t\u00e9 exclusive du vendeur.<br>Aucune cession de droits de propri\u00e9t\u00e9 intellectuelle n\u2019est r\u00e9alis\u00e9e au travers des pr\u00e9sentes CGV. Toute reproduction totale ou partielle, modification ou utilisation de ces biens pour quelque motif que ce soit est strictement interdite.<\/p>\n\n\n\n<p><br>Article 12 : Force majeure<br>L\u2019ex\u00e9cution des obligations du vendeur au terme des pr\u00e9sentes est suspendue en cas de survenance d\u2019un<br>cas fortuit ou de force majeure qui en emp\u00eacherait l\u2019ex\u00e9cution. Le vendeur avisera le client de la<br>survenance d\u2019un tel \u00e9v\u00e8nement d\u00e8s que possible.<\/p>\n\n\n\n<p><br>Article 13 : Nullit\u00e9 et modification du contrat<br>Si l\u2019une des stipulations du pr\u00e9sent contrat \u00e9tait annul\u00e9e, cette nullit\u00e9 n\u2019entra\u00eenerait pas la nullit\u00e9 des<br>autres stipulations qui demeureront en vigueur entre les parties. Toute modification contractuelle n\u2019est<br>valable qu\u2019apr\u00e8s un accord \u00e9crit et sign\u00e9 des parties.<\/p>\n\n\n\n<p><br>Article 14 : Protection des donn\u00e9es personnelles<br>Conform\u00e9ment \u00e0 la Loi Informatique et Libert\u00e9s du 6 janvier 1978, vous disposez des droits d\u2019interrogation, d\u2019acc\u00e8s, de modification, d\u2019opposition et de rectification sur les donn\u00e9es personnelles vous concernant. En adh\u00e9rant \u00e0 ces conditions g\u00e9n\u00e9rales de vente, vous consentez ce que nous collections et utilisions ces donn\u00e9es pour la r\u00e9alisation du pr\u00e9sent contrat. En saisissant votre adresse email sur l\u2019un des sites de notre r\u00e9seau, vous recevrez des emails contenant des informations et des offres promotionnelles concernant des produits \u00e9dit\u00e9s par la Soci\u00e9t\u00e9 et de ses partenaires. Vous pouvez vous d\u00e9sinscrire \u00e0 tout instant. Il vous suffit pour cela de cliquer sur le lien pr\u00e9sent \u00e0 la fin de nos emails ou de contacter le responsable du traitement (la Soci\u00e9t\u00e9) par lettre RAR. Nous effectuons sur l\u2019ensemble de nos sites un suivi de la fr\u00e9quentation via BURST STATISTICS<\/p>\n\n\n\n<p><br>Article 15 : Droit applicable<br>Toutes les clauses figurant dans les pr\u00e9sentes conditions g\u00e9n\u00e9rales de vente, ainsi que toutes les op\u00e9rations d\u2019achat et de vente qui y sont vis\u00e9es, seront soumises au droit fran\u00e7ais.<\/p>\n","protected":false},"excerpt":{"rendered":"<p>Entre la Soci\u00e9t\u00e9 COSY, immatricul\u00e9e au Registre du Commerce d\u00fbment habilit\u00e9 aux fins des pr\u00e9sentes. RCS : Pontoise B 904 869 146SIREN : 904869146SIRET : 90486914600012Adresse de la boutique : 10 passage de l&#8217;aqueduc, 93200 Saint-Denis La soci\u00e9t\u00e9 peut \u00eatre jointe par email en cliquant sur le formulaire de contact accessible via la page d\u2019accueil&#8230;<\/p>\n","protected":false},"author":1,"featured_media":0,"parent":0,"menu_order":0,"comment_status":"closed","ping_status":"closed","template":"","meta":{"_kad_post_transparent":"","_kad_post_title":"","_kad_post_layout":"","_kad_post_sidebar_id":"","_kad_post_content_style":"","_kad_post_vertical_padding":"","_kad_post_feature":"","_kad_post_feature_position":"","_kad_post_header":false,"_kad_post_footer":false,"footnotes":""},"class_list":["post-23","page","type-page","status-publish","hentry"],"yoast_head":"<!-- This site is optimized with the Yoast SEO plugin v27.1.1 - https:\/\/yoast.com\/product\/yoast-seo-wordpress\/ -->\n<title>Conditions G\u00e9n\u00e9rales de Vente - Cosy Concept Store<\/title>\n<meta name=\"robots\" content=\"index, follow, max-snippet:-1, max-image-preview:large, max-video-preview:-1\" \/>\n<link rel=\"canonical\" href=\"https:\/\/cosyconceptstore.fr\/?page_id=23\" \/>\n<meta property=\"og:locale\" content=\"en_US\" \/>\n<meta property=\"og:type\" content=\"article\" \/>\n<meta property=\"og:title\" content=\"Conditions G\u00e9n\u00e9rales de Vente - Cosy Concept Store\" \/>\n<meta property=\"og:description\" content=\"Entre la Soci\u00e9t\u00e9 COSY, immatricul\u00e9e au Registre du Commerce d\u00fbment habilit\u00e9 aux fins des pr\u00e9sentes. RCS : Pontoise B 904 869 146SIREN : 904869146SIRET : 90486914600012Adresse de la boutique : 10 passage de l&#8217;aqueduc, 93200 Saint-Denis La soci\u00e9t\u00e9 peut \u00eatre jointe par email en cliquant sur le formulaire de contact accessible via la page d\u2019accueil...\" \/>\n<meta property=\"og:url\" content=\"https:\/\/cosyconceptstore.fr\/?page_id=23\" \/>\n<meta property=\"og:site_name\" content=\"Cosy Concept Store\" \/>\n<meta property=\"article:modified_time\" content=\"2025-01-21T09:52:43+00:00\" \/>\n<meta name=\"twitter:card\" content=\"summary_large_image\" \/>\n<meta name=\"twitter:label1\" content=\"Est. reading time\" \/>\n\t<meta name=\"twitter:data1\" content=\"11 minutes\" \/>\n<script type=\"application\/ld+json\" class=\"yoast-schema-graph\">{\"@context\":\"https:\/\/schema.org\",\"@graph\":[{\"@type\":\"WebPage\",\"@id\":\"https:\/\/cosyconceptstore.fr\/?page_id=23\",\"url\":\"https:\/\/cosyconceptstore.fr\/?page_id=23\",\"name\":\"Conditions G\u00e9n\u00e9rales de Vente - Cosy Concept Store\",\"isPartOf\":{\"@id\":\"https:\/\/cosyconceptstore.fr\/#website\"},\"datePublished\":\"2024-12-09T23:12:28+00:00\",\"dateModified\":\"2025-01-21T09:52:43+00:00\",\"breadcrumb\":{\"@id\":\"https:\/\/cosyconceptstore.fr\/?page_id=23#breadcrumb\"},\"inLanguage\":\"en-US\",\"potentialAction\":[{\"@type\":\"ReadAction\",\"target\":[\"https:\/\/cosyconceptstore.fr\/?page_id=23\"]}]},{\"@type\":\"BreadcrumbList\",\"@id\":\"https:\/\/cosyconceptstore.fr\/?page_id=23#breadcrumb\",\"itemListElement\":[{\"@type\":\"ListItem\",\"position\":1,\"name\":\"Accueil\",\"item\":\"https:\/\/cosyconceptstore.fr\/\"},{\"@type\":\"ListItem\",\"position\":2,\"name\":\"Conditions G\u00e9n\u00e9rales de Vente\"}]},{\"@type\":\"WebSite\",\"@id\":\"https:\/\/cosyconceptstore.fr\/#website\",\"url\":\"https:\/\/cosyconceptstore.fr\/\",\"name\":\"Cosy Concept Store\",\"description\":\"Boutique de v\u00eatements pour enfants\",\"publisher\":{\"@id\":\"https:\/\/cosyconceptstore.fr\/#organization\"},\"potentialAction\":[{\"@type\":\"SearchAction\",\"target\":{\"@type\":\"EntryPoint\",\"urlTemplate\":\"https:\/\/cosyconceptstore.fr\/?s={search_term_string}\"},\"query-input\":{\"@type\":\"PropertyValueSpecification\",\"valueRequired\":true,\"valueName\":\"search_term_string\"}}],\"inLanguage\":\"en-US\"},{\"@type\":\"Organization\",\"@id\":\"https:\/\/cosyconceptstore.fr\/#organization\",\"name\":\"Cosy Concept Store\",\"url\":\"https:\/\/cosyconceptstore.fr\/\",\"logo\":{\"@type\":\"ImageObject\",\"inLanguage\":\"en-US\",\"@id\":\"https:\/\/cosyconceptstore.fr\/#\/schema\/logo\/image\/\",\"url\":\"https:\/\/cosyconceptstore.fr\/wp-content\/uploads\/2024\/12\/cropped-Logo-COSY-couleurs-.png\",\"contentUrl\":\"https:\/\/cosyconceptstore.fr\/wp-content\/uploads\/2024\/12\/cropped-Logo-COSY-couleurs-.png\",\"width\":1504,\"height\":599,\"caption\":\"Cosy Concept Store \"},\"image\":{\"@id\":\"https:\/\/cosyconceptstore.fr\/#\/schema\/logo\/image\/\"}}]}<\/script>\n<!-- \/ Yoast SEO plugin. -->","yoast_head_json":{"title":"Conditions G\u00e9n\u00e9rales de Vente - Cosy Concept Store","robots":{"index":"index","follow":"follow","max-snippet":"max-snippet:-1","max-image-preview":"max-image-preview:large","max-video-preview":"max-video-preview:-1"},"canonical":"https:\/\/cosyconceptstore.fr\/?page_id=23","og_locale":"en_US","og_type":"article","og_title":"Conditions G\u00e9n\u00e9rales de Vente - Cosy Concept Store","og_description":"Entre la Soci\u00e9t\u00e9 COSY, immatricul\u00e9e au Registre du Commerce d\u00fbment habilit\u00e9 aux fins des pr\u00e9sentes. RCS : Pontoise B 904 869 146SIREN : 904869146SIRET : 90486914600012Adresse de la boutique : 10 passage de l&#8217;aqueduc, 93200 Saint-Denis La soci\u00e9t\u00e9 peut \u00eatre jointe par email en cliquant sur le formulaire de contact accessible via la page d\u2019accueil...","og_url":"https:\/\/cosyconceptstore.fr\/?page_id=23","og_site_name":"Cosy Concept Store","article_modified_time":"2025-01-21T09:52:43+00:00","twitter_card":"summary_large_image","twitter_misc":{"Est. reading time":"11 minutes"},"schema":{"@context":"https:\/\/schema.org","@graph":[{"@type":"WebPage","@id":"https:\/\/cosyconceptstore.fr\/?page_id=23","url":"https:\/\/cosyconceptstore.fr\/?page_id=23","name":"Conditions G\u00e9n\u00e9rales de Vente - Cosy Concept Store","isPartOf":{"@id":"https:\/\/cosyconceptstore.fr\/#website"},"datePublished":"2024-12-09T23:12:28+00:00","dateModified":"2025-01-21T09:52:43+00:00","breadcrumb":{"@id":"https:\/\/cosyconceptstore.fr\/?page_id=23#breadcrumb"},"inLanguage":"en-US","potentialAction":[{"@type":"ReadAction","target":["https:\/\/cosyconceptstore.fr\/?page_id=23"]}]},{"@type":"BreadcrumbList","@id":"https:\/\/cosyconceptstore.fr\/?page_id=23#breadcrumb","itemListElement":[{"@type":"ListItem","position":1,"name":"Accueil","item":"https:\/\/cosyconceptstore.fr\/"},{"@type":"ListItem","position":2,"name":"Conditions G\u00e9n\u00e9rales de Vente"}]},{"@type":"WebSite","@id":"https:\/\/cosyconceptstore.fr\/#website","url":"https:\/\/cosyconceptstore.fr\/","name":"Cosy Concept Store","description":"Boutique de v\u00eatements pour enfants","publisher":{"@id":"https:\/\/cosyconceptstore.fr\/#organization"},"potentialAction":[{"@type":"SearchAction","target":{"@type":"EntryPoint","urlTemplate":"https:\/\/cosyconceptstore.fr\/?s={search_term_string}"},"query-input":{"@type":"PropertyValueSpecification","valueRequired":true,"valueName":"search_term_string"}}],"inLanguage":"en-US"},{"@type":"Organization","@id":"https:\/\/cosyconceptstore.fr\/#organization","name":"Cosy Concept Store","url":"https:\/\/cosyconceptstore.fr\/","logo":{"@type":"ImageObject","inLanguage":"en-US","@id":"https:\/\/cosyconceptstore.fr\/#\/schema\/logo\/image\/","url":"https:\/\/cosyconceptstore.fr\/wp-content\/uploads\/2024\/12\/cropped-Logo-COSY-couleurs-.png","contentUrl":"https:\/\/cosyconceptstore.fr\/wp-content\/uploads\/2024\/12\/cropped-Logo-COSY-couleurs-.png","width":1504,"height":599,"caption":"Cosy Concept Store "},"image":{"@id":"https:\/\/cosyconceptstore.fr\/#\/schema\/logo\/image\/"}}]}},"_links":{"self":[{"href":"https:\/\/cosyconceptstore.fr\/index.php?rest_route=\/wp\/v2\/pages\/23","targetHints":{"allow":["GET"]}}],"collection":[{"href":"https:\/\/cosyconceptstore.fr\/index.php?rest_route=\/wp\/v2\/pages"}],"about":[{"href":"https:\/\/cosyconceptstore.fr\/index.php?rest_route=\/wp\/v2\/types\/page"}],"author":[{"embeddable":true,"href":"https:\/\/cosyconceptstore.fr\/index.php?rest_route=\/wp\/v2\/users\/1"}],"replies":[{"embeddable":true,"href":"https:\/\/cosyconceptstore.fr\/index.php?rest_route=%2Fwp%2Fv2%2Fcomments&post=23"}],"version-history":[{"count":7,"href":"https:\/\/cosyconceptstore.fr\/index.php?rest_route=\/wp\/v2\/pages\/23\/revisions"}],"predecessor-version":[{"id":1263,"href":"https:\/\/cosyconceptstore.fr\/index.php?rest_route=\/wp\/v2\/pages\/23\/revisions\/1263"}],"wp:attachment":[{"href":"https:\/\/cosyconceptstore.fr\/index.php?rest_route=%2Fwp%2Fv2%2Fmedia&parent=23"}],"curies":[{"name":"wp","href":"https:\/\/api.w.org\/{rel}","templated":true}]}}